{"id":107092,"date":"2025-09-30T19:35:23","date_gmt":"2025-09-30T19:35:23","guid":{"rendered":"https:\/\/casafreitas.pt\/loja\/produto\/descalcificador-ferro-engomar-500-ml\/"},"modified":"2025-10-24T02:28:57","modified_gmt":"2025-10-24T02:28:57","slug":"descalcificador-ferro-engomar-500-ml","status":"publish","type":"product","link":"https:\/\/casafreitas.pt\/loja\/produto\/descalcificador-ferro-engomar-500-ml\/","title":{"rendered":"Descalcificador ferro de engomar 500 ml"},"content":{"rendered":"","protected":false},"excerpt":{"rendered":"<p>Descalcificador de \u00e1cido. especialmente formulado para o cuidado e manuten\u00e7\u00e3o de aparelhos. limpa e remove o cal, prolongando a sua vida \u00fatil e otimizando o seu funcionamento. aplicar em placas<\/p>\n","protected":false},"featured_media":107091,"comment_status":"open","ping_status":"closed","template":"","meta":[],"product_brand":[],"product_cat":[13094,18003],"product_tag":[],"class_list":{"0":"post-107092","1":"product","2":"type-product","3":"status-publish","4":"has-post-thumbnail","6":"product_cat-acessorios-para-passar-roupa","7":"product_cat-casa-decoracao","9":"first","10":"instock","11":"taxable","12":"shipping-taxable","13":"purchasable","14":"product-type-simple"},"_links":{"self":[{"href":"https:\/\/casafreitas.pt\/loja\/wp-json\/wp\/v2\/product\/107092","targetHints":{"allow":["GET"]}}],"collection":[{"href":"https:\/\/casafreitas.pt\/loja\/wp-json\/wp\/v2\/product"}],"about":[{"href":"https:\/\/casafreitas.pt\/loja\/wp-json\/wp\/v2\/types\/product"}],"replies":[{"embeddable":true,"href":"https:\/\/casafreitas.pt\/loja\/wp-json\/wp\/v2\/comments?post=107092"}],"version-history":[{"count":1,"href":"https:\/\/casafreitas.pt\/loja\/wp-json\/wp\/v2\/product\/107092\/revisions"}],"predecessor-version":[{"id":107093,"href":"https:\/\/casafreitas.pt\/loja\/wp-json\/wp\/v2\/product\/107092\/revisions\/107093"}],"wp:featuredmedia":[{"embeddable":true,"href":"https:\/\/casafreitas.pt\/loja\/wp-json\/wp\/v2\/media\/107091"}],"wp:attachment":[{"href":"https:\/\/casafreitas.pt\/loja\/wp-json\/wp\/v2\/media?parent=107092"}],"wp:term":[{"taxonomy":"product_brand","embeddable":true,"href":"https:\/\/casafreitas.pt\/loja\/wp-json\/wp\/v2\/product_brand?post=107092"},{"taxonomy":"product_cat","embeddable":true,"href":"https:\/\/casafreitas.pt\/loja\/wp-json\/wp\/v2\/product_cat?post=107092"},{"taxonomy":"product_tag","embeddable":true,"href":"https:\/\/casafreitas.pt\/loja\/wp-json\/wp\/v2\/product_tag?post=107092"}],"curies":[{"name":"wp","href":"https:\/\/api.w.org\/{rel}","templated":true}]}}