{"id":106522,"date":"2025-09-30T18:48:44","date_gmt":"2025-09-30T18:48:44","guid":{"rendered":"https:\/\/casafreitas.pt\/loja\/produto\/suporte-lampada-parafuso-e27-latao-banhado-envelope-com-envelope\/"},"modified":"2025-10-24T02:28:14","modified_gmt":"2025-10-24T02:28:14","slug":"suporte-lampada-parafuso-e27-latao-banhado-envelope-com-envelope","status":"publish","type":"product","link":"https:\/\/casafreitas.pt\/loja\/produto\/suporte-lampada-parafuso-e27-latao-banhado-envelope-com-envelope\/","title":{"rendered":"Suporte de l\u00e2mpada parafuso e27, lat\u00e3o banhado (envelope com envelope)"},"content":{"rendered":"","protected":false},"excerpt":{"rendered":"<p>E27 suporte de l\u00e2mpada com rosca exterior europeu com arandela dupla, lat\u00e3o banhado (envelope com encolhimento retr\u00e1til)<\/p>\n","protected":false},"featured_media":106521,"comment_status":"open","ping_status":"closed","template":"","meta":[],"product_brand":[],"product_cat":[1748,17318],"product_tag":[13118],"class_list":{"0":"post-106522","1":"product","2":"type-product","3":"status-publish","4":"has-post-thumbnail","6":"product_cat-acessorios-e-baterias-e-material-eletrico","7":"product_cat-casquilhos-normais-acessorios-e-baterias-e-material-eletrico","8":"product_tag-f-line","10":"first","11":"instock","12":"taxable","13":"shipping-taxable","14":"purchasable","15":"product-type-simple"},"_links":{"self":[{"href":"https:\/\/casafreitas.pt\/loja\/wp-json\/wp\/v2\/product\/106522","targetHints":{"allow":["GET"]}}],"collection":[{"href":"https:\/\/casafreitas.pt\/loja\/wp-json\/wp\/v2\/product"}],"about":[{"href":"https:\/\/casafreitas.pt\/loja\/wp-json\/wp\/v2\/types\/product"}],"replies":[{"embeddable":true,"href":"https:\/\/casafreitas.pt\/loja\/wp-json\/wp\/v2\/comments?post=106522"}],"version-history":[{"count":1,"href":"https:\/\/casafreitas.pt\/loja\/wp-json\/wp\/v2\/product\/106522\/revisions"}],"predecessor-version":[{"id":106523,"href":"https:\/\/casafreitas.pt\/loja\/wp-json\/wp\/v2\/product\/106522\/revisions\/106523"}],"wp:featuredmedia":[{"embeddable":true,"href":"https:\/\/casafreitas.pt\/loja\/wp-json\/wp\/v2\/media\/106521"}],"wp:attachment":[{"href":"https:\/\/casafreitas.pt\/loja\/wp-json\/wp\/v2\/media?parent=106522"}],"wp:term":[{"taxonomy":"product_brand","embeddable":true,"href":"https:\/\/casafreitas.pt\/loja\/wp-json\/wp\/v2\/product_brand?post=106522"},{"taxonomy":"product_cat","embeddable":true,"href":"https:\/\/casafreitas.pt\/loja\/wp-json\/wp\/v2\/product_cat?post=106522"},{"taxonomy":"product_tag","embeddable":true,"href":"https:\/\/casafreitas.pt\/loja\/wp-json\/wp\/v2\/product_tag?post=106522"}],"curies":[{"name":"wp","href":"https:\/\/api.w.org\/{rel}","templated":true}]}}