{"id":106507,"date":"2025-09-30T18:47:45","date_gmt":"2025-09-30T18:47:45","guid":{"rendered":"https:\/\/casafreitas.pt\/loja\/produto\/porta-lampada-ceramica-vintage-e27-100-w-250-v-branco-o47-x-59-mm-embalado-em-pelicula\/"},"modified":"2025-10-24T02:28:13","modified_gmt":"2025-10-24T02:28:13","slug":"porta-lampada-ceramica-vintage-e27-100-w-250-v-branco-o47-x-59-mm-embalado-em-pelicula","status":"publish","type":"product","link":"https:\/\/casafreitas.pt\/loja\/produto\/porta-lampada-ceramica-vintage-e27-100-w-250-v-branco-o47-x-59-mm-embalado-em-pelicula\/","title":{"rendered":"Porta-l\u00e2mpada de cer\u00e2mica vintage e27, 100 w 250 v, branco, \u00f847 x 59 mm (embalado em pel\u00edcula)"},"content":{"rendered":"","protected":false},"excerpt":{"rendered":"<p>Porta-l\u00e2mpada de cer\u00e2mica e27, branco, \u00f847 x 59 mm (embalado em pel\u00edcula)<\/p>\n","protected":false},"featured_media":106506,"comment_status":"open","ping_status":"closed","template":"","meta":[],"product_brand":[],"product_cat":[1748,17318],"product_tag":[13118],"class_list":{"0":"post-106507","1":"product","2":"type-product","3":"status-publish","4":"has-post-thumbnail","6":"product_cat-acessorios-e-baterias-e-material-eletrico","7":"product_cat-casquilhos-normais-acessorios-e-baterias-e-material-eletrico","8":"product_tag-f-line","10":"first","11":"instock","12":"taxable","13":"shipping-taxable","14":"purchasable","15":"product-type-simple"},"_links":{"self":[{"href":"https:\/\/casafreitas.pt\/loja\/wp-json\/wp\/v2\/product\/106507","targetHints":{"allow":["GET"]}}],"collection":[{"href":"https:\/\/casafreitas.pt\/loja\/wp-json\/wp\/v2\/product"}],"about":[{"href":"https:\/\/casafreitas.pt\/loja\/wp-json\/wp\/v2\/types\/product"}],"replies":[{"embeddable":true,"href":"https:\/\/casafreitas.pt\/loja\/wp-json\/wp\/v2\/comments?post=106507"}],"version-history":[{"count":1,"href":"https:\/\/casafreitas.pt\/loja\/wp-json\/wp\/v2\/product\/106507\/revisions"}],"predecessor-version":[{"id":106508,"href":"https:\/\/casafreitas.pt\/loja\/wp-json\/wp\/v2\/product\/106507\/revisions\/106508"}],"wp:featuredmedia":[{"embeddable":true,"href":"https:\/\/casafreitas.pt\/loja\/wp-json\/wp\/v2\/media\/106506"}],"wp:attachment":[{"href":"https:\/\/casafreitas.pt\/loja\/wp-json\/wp\/v2\/media?parent=106507"}],"wp:term":[{"taxonomy":"product_brand","embeddable":true,"href":"https:\/\/casafreitas.pt\/loja\/wp-json\/wp\/v2\/product_brand?post=106507"},{"taxonomy":"product_cat","embeddable":true,"href":"https:\/\/casafreitas.pt\/loja\/wp-json\/wp\/v2\/product_cat?post=106507"},{"taxonomy":"product_tag","embeddable":true,"href":"https:\/\/casafreitas.pt\/loja\/wp-json\/wp\/v2\/product_tag?post=106507"}],"curies":[{"name":"wp","href":"https:\/\/api.w.org\/{rel}","templated":true}]}}