{"id":105850,"date":"2025-09-30T17:55:25","date_gmt":"2025-09-30T17:55:25","guid":{"rendered":"https:\/\/casafreitas.pt\/loja\/produto\/ficha-2pt-16a-250v-pvc-preta-fixacao-cabos-abativel-retractilado-solera-706c\/"},"modified":"2025-10-24T02:27:22","modified_gmt":"2025-10-24T02:27:22","slug":"ficha-2pt-16a-250v-pvc-preta-fixacao-cabos-abativel-retractilado-solera-706c","status":"publish","type":"product","link":"https:\/\/casafreitas.pt\/loja\/produto\/ficha-2pt-16a-250v-pvc-preta-fixacao-cabos-abativel-retractilado-solera-706c\/","title":{"rendered":"Ficha 2p+t 16a 250v pvc preta. fixa\u00e7\u00e3o de cabos abat\u00edvel (retractilado) solera 706c"},"content":{"rendered":"","protected":false},"excerpt":{"rendered":"<p>Ficha 2p+t 16a 250v pvc preta. fixa\u00e7\u00e3o de cabos abat\u00edvel para facilitar a conex\u00e3o ao barramento. com sistema de terra duplo (retractilado) solera 706c<\/p>\n","protected":false},"featured_media":105849,"comment_status":"open","ping_status":"closed","template":"","meta":[],"product_brand":[],"product_cat":[1748,17328],"product_tag":[],"class_list":{"0":"post-105850","1":"product","2":"type-product","3":"status-publish","4":"has-post-thumbnail","6":"product_cat-acessorios-e-baterias-e-material-eletrico","7":"product_cat-material-de-borracha-acessorios-e-baterias-e-material-eletrico","9":"first","10":"instock","11":"taxable","12":"shipping-taxable","13":"purchasable","14":"product-type-simple"},"_links":{"self":[{"href":"https:\/\/casafreitas.pt\/loja\/wp-json\/wp\/v2\/product\/105850","targetHints":{"allow":["GET"]}}],"collection":[{"href":"https:\/\/casafreitas.pt\/loja\/wp-json\/wp\/v2\/product"}],"about":[{"href":"https:\/\/casafreitas.pt\/loja\/wp-json\/wp\/v2\/types\/product"}],"replies":[{"embeddable":true,"href":"https:\/\/casafreitas.pt\/loja\/wp-json\/wp\/v2\/comments?post=105850"}],"version-history":[{"count":1,"href":"https:\/\/casafreitas.pt\/loja\/wp-json\/wp\/v2\/product\/105850\/revisions"}],"predecessor-version":[{"id":105851,"href":"https:\/\/casafreitas.pt\/loja\/wp-json\/wp\/v2\/product\/105850\/revisions\/105851"}],"wp:featuredmedia":[{"embeddable":true,"href":"https:\/\/casafreitas.pt\/loja\/wp-json\/wp\/v2\/media\/105849"}],"wp:attachment":[{"href":"https:\/\/casafreitas.pt\/loja\/wp-json\/wp\/v2\/media?parent=105850"}],"wp:term":[{"taxonomy":"product_brand","embeddable":true,"href":"https:\/\/casafreitas.pt\/loja\/wp-json\/wp\/v2\/product_brand?post=105850"},{"taxonomy":"product_cat","embeddable":true,"href":"https:\/\/casafreitas.pt\/loja\/wp-json\/wp\/v2\/product_cat?post=105850"},{"taxonomy":"product_tag","embeddable":true,"href":"https:\/\/casafreitas.pt\/loja\/wp-json\/wp\/v2\/product_tag?post=105850"}],"curies":[{"name":"wp","href":"https:\/\/api.w.org\/{rel}","templated":true}]}}