{"id":105841,"date":"2025-09-30T17:54:45","date_gmt":"2025-09-30T17:54:45","guid":{"rendered":"https:\/\/casafreitas.pt\/loja\/produto\/base-multipla-4-tomadas-2pt-16a-250v-grafite\/"},"modified":"2025-10-24T02:27:22","modified_gmt":"2025-10-24T02:27:22","slug":"base-multipla-4-tomadas-2pt-16a-250v-grafite","status":"publish","type":"product","link":"https:\/\/casafreitas.pt\/loja\/produto\/base-multipla-4-tomadas-2pt-16a-250v-grafite\/","title":{"rendered":"Base m\u00faltipla 4 tomadas 2p+t, 16a 250v~, grafite"},"content":{"rendered":"","protected":false},"excerpt":{"rendered":"<p>M\u00e1x.3680 w. 850\u00ba c gwt cor grafite. ip20. terminal de f\u00e1cil acesso. entradas de mini canais 7&#215;12, 10&#215;16, 10&#215;20 e 12x12mm. tampa de remo\u00e7\u00e3o r\u00e1pida e f\u00e1cil. com furos para fixa\u00e7\u00e3o \u00e0 parede com parafusos e furos para fixa\u00e7\u00e3o em tubos com flanges, inclui prensa-cabos de borracha e tampa para mini canal. feito em policarbonato. s\u00e9rie ion<\/p>\n","protected":false},"featured_media":105840,"comment_status":"open","ping_status":"closed","template":"","meta":[],"product_brand":[],"product_cat":[1748,17307],"product_tag":[],"class_list":{"0":"post-105841","1":"product","2":"type-product","3":"status-publish","4":"has-post-thumbnail","6":"product_cat-acessorios-e-baterias-e-material-eletrico","7":"product_cat-bases-acessorios-e-baterias-e-material-eletrico","9":"first","10":"instock","11":"taxable","12":"shipping-taxable","13":"purchasable","14":"product-type-simple"},"_links":{"self":[{"href":"https:\/\/casafreitas.pt\/loja\/wp-json\/wp\/v2\/product\/105841","targetHints":{"allow":["GET"]}}],"collection":[{"href":"https:\/\/casafreitas.pt\/loja\/wp-json\/wp\/v2\/product"}],"about":[{"href":"https:\/\/casafreitas.pt\/loja\/wp-json\/wp\/v2\/types\/product"}],"replies":[{"embeddable":true,"href":"https:\/\/casafreitas.pt\/loja\/wp-json\/wp\/v2\/comments?post=105841"}],"version-history":[{"count":1,"href":"https:\/\/casafreitas.pt\/loja\/wp-json\/wp\/v2\/product\/105841\/revisions"}],"predecessor-version":[{"id":105842,"href":"https:\/\/casafreitas.pt\/loja\/wp-json\/wp\/v2\/product\/105841\/revisions\/105842"}],"wp:featuredmedia":[{"embeddable":true,"href":"https:\/\/casafreitas.pt\/loja\/wp-json\/wp\/v2\/media\/105840"}],"wp:attachment":[{"href":"https:\/\/casafreitas.pt\/loja\/wp-json\/wp\/v2\/media?parent=105841"}],"wp:term":[{"taxonomy":"product_brand","embeddable":true,"href":"https:\/\/casafreitas.pt\/loja\/wp-json\/wp\/v2\/product_brand?post=105841"},{"taxonomy":"product_cat","embeddable":true,"href":"https:\/\/casafreitas.pt\/loja\/wp-json\/wp\/v2\/product_cat?post=105841"},{"taxonomy":"product_tag","embeddable":true,"href":"https:\/\/casafreitas.pt\/loja\/wp-json\/wp\/v2\/product_tag?post=105841"}],"curies":[{"name":"wp","href":"https:\/\/api.w.org\/{rel}","templated":true}]}}