{"id":105808,"date":"2025-09-30T17:52:10","date_gmt":"2025-09-30T17:52:10","guid":{"rendered":"https:\/\/casafreitas.pt\/loja\/produto\/base-movel-2ptt-schuko-saida-frontal-10-250-v-facil-remocao-branco\/"},"modified":"2025-10-24T02:27:20","modified_gmt":"2025-10-24T02:27:20","slug":"base-movel-2ptt-schuko-saida-frontal-10-250-v-facil-remocao-branco","status":"publish","type":"product","link":"https:\/\/casafreitas.pt\/loja\/produto\/base-movel-2ptt-schuko-saida-frontal-10-250-v-facil-remocao-branco\/","title":{"rendered":"Base m\u00f3vel 2p+tt schuko sa\u00edda frontal 10 a 250 v~ f\u00e1cil remo\u00e7\u00e3o branco"},"content":{"rendered":"","protected":false},"excerpt":{"rendered":"<p>Base m\u00f3vel 2p+tt schuko sa\u00edda frontal 10 a 250 v~ f\u00e1cil remo\u00e7\u00e3o, branco<\/p>\n","protected":false},"featured_media":105807,"comment_status":"open","ping_status":"closed","template":"","meta":[],"product_brand":[],"product_cat":[1748,17307],"product_tag":[12313],"class_list":{"0":"post-105808","1":"product","2":"type-product","3":"status-publish","4":"has-post-thumbnail","6":"product_cat-acessorios-e-baterias-e-material-eletrico","7":"product_cat-bases-acessorios-e-baterias-e-material-eletrico","8":"product_tag-simon","10":"first","11":"instock","12":"taxable","13":"shipping-taxable","14":"purchasable","15":"product-type-simple"},"_links":{"self":[{"href":"https:\/\/casafreitas.pt\/loja\/wp-json\/wp\/v2\/product\/105808","targetHints":{"allow":["GET"]}}],"collection":[{"href":"https:\/\/casafreitas.pt\/loja\/wp-json\/wp\/v2\/product"}],"about":[{"href":"https:\/\/casafreitas.pt\/loja\/wp-json\/wp\/v2\/types\/product"}],"replies":[{"embeddable":true,"href":"https:\/\/casafreitas.pt\/loja\/wp-json\/wp\/v2\/comments?post=105808"}],"version-history":[{"count":1,"href":"https:\/\/casafreitas.pt\/loja\/wp-json\/wp\/v2\/product\/105808\/revisions"}],"predecessor-version":[{"id":105809,"href":"https:\/\/casafreitas.pt\/loja\/wp-json\/wp\/v2\/product\/105808\/revisions\/105809"}],"wp:featuredmedia":[{"embeddable":true,"href":"https:\/\/casafreitas.pt\/loja\/wp-json\/wp\/v2\/media\/105807"}],"wp:attachment":[{"href":"https:\/\/casafreitas.pt\/loja\/wp-json\/wp\/v2\/media?parent=105808"}],"wp:term":[{"taxonomy":"product_brand","embeddable":true,"href":"https:\/\/casafreitas.pt\/loja\/wp-json\/wp\/v2\/product_brand?post=105808"},{"taxonomy":"product_cat","embeddable":true,"href":"https:\/\/casafreitas.pt\/loja\/wp-json\/wp\/v2\/product_cat?post=105808"},{"taxonomy":"product_tag","embeddable":true,"href":"https:\/\/casafreitas.pt\/loja\/wp-json\/wp\/v2\/product_tag?post=105808"}],"curies":[{"name":"wp","href":"https:\/\/api.w.org\/{rel}","templated":true}]}}