{"id":105676,"date":"2025-09-30T17:43:03","date_gmt":"2025-09-30T17:43:03","guid":{"rendered":"https:\/\/casafreitas.pt\/loja\/produto\/cabo-extensao-com-3-tomadas-2pt-16a-250v-com-interruptor-iluminado-cabo-15-m\/"},"modified":"2025-10-24T02:27:13","modified_gmt":"2025-10-24T02:27:13","slug":"cabo-extensao-com-3-tomadas-2pt-16a-250v-com-interruptor-iluminado-cabo-15-m","status":"publish","type":"product","link":"https:\/\/casafreitas.pt\/loja\/produto\/cabo-extensao-com-3-tomadas-2pt-16a-250v-com-interruptor-iluminado-cabo-15-m\/","title":{"rendered":"Cabo de extens\u00e3o com 3 tomadas 2p+t, 16a 250v com interruptor iluminado, cabo de 1,5 m"},"content":{"rendered":"","protected":false},"excerpt":{"rendered":"<p>Extens\u00e3o com 3 tomadas t\/tl + interruptor luminoso. cabo de 1,5m h05vv-f 3g1,5mm\u00b2 8013pil solera. m\u00e1x. 3680w. 850\u00b0c gwt. cor branco. \u00e9 f\u00e1cil aceder ao borne, tampa de extra\u00e7\u00e3o r\u00e1pida e simples. com orif\u00edcios de fixa\u00e7\u00e3o \u00e0 parede. serie ion. aplica\u00e7\u00f5es habituais: uso dom\u00e9stico\/terci\u00e1rio interior (interior de casas, escrit\u00f3rios, lojas, etc.) solera<\/p>\n","protected":false},"featured_media":105675,"comment_status":"open","ping_status":"closed","template":"","meta":[],"product_brand":[],"product_cat":[1748,17345],"product_tag":[],"class_list":{"0":"post-105676","1":"product","2":"type-product","3":"status-publish","4":"has-post-thumbnail","6":"product_cat-acessorios-e-baterias-e-material-eletrico","7":"product_cat-prolongacoes-acessorios-e-baterias-e-material-eletrico","9":"first","10":"instock","11":"taxable","12":"shipping-taxable","13":"purchasable","14":"product-type-simple"},"_links":{"self":[{"href":"https:\/\/casafreitas.pt\/loja\/wp-json\/wp\/v2\/product\/105676","targetHints":{"allow":["GET"]}}],"collection":[{"href":"https:\/\/casafreitas.pt\/loja\/wp-json\/wp\/v2\/product"}],"about":[{"href":"https:\/\/casafreitas.pt\/loja\/wp-json\/wp\/v2\/types\/product"}],"replies":[{"embeddable":true,"href":"https:\/\/casafreitas.pt\/loja\/wp-json\/wp\/v2\/comments?post=105676"}],"version-history":[{"count":1,"href":"https:\/\/casafreitas.pt\/loja\/wp-json\/wp\/v2\/product\/105676\/revisions"}],"predecessor-version":[{"id":105677,"href":"https:\/\/casafreitas.pt\/loja\/wp-json\/wp\/v2\/product\/105676\/revisions\/105677"}],"wp:featuredmedia":[{"embeddable":true,"href":"https:\/\/casafreitas.pt\/loja\/wp-json\/wp\/v2\/media\/105675"}],"wp:attachment":[{"href":"https:\/\/casafreitas.pt\/loja\/wp-json\/wp\/v2\/media?parent=105676"}],"wp:term":[{"taxonomy":"product_brand","embeddable":true,"href":"https:\/\/casafreitas.pt\/loja\/wp-json\/wp\/v2\/product_brand?post=105676"},{"taxonomy":"product_cat","embeddable":true,"href":"https:\/\/casafreitas.pt\/loja\/wp-json\/wp\/v2\/product_cat?post=105676"},{"taxonomy":"product_tag","embeddable":true,"href":"https:\/\/casafreitas.pt\/loja\/wp-json\/wp\/v2\/product_tag?post=105676"}],"curies":[{"name":"wp","href":"https:\/\/api.w.org\/{rel}","templated":true}]}}