{"id":105490,"date":"2025-09-30T17:27:09","date_gmt":"2025-09-30T17:27:09","guid":{"rendered":"https:\/\/casafreitas.pt\/loja\/produto\/botao-superficie-6-250-v-branco-marfim-embalado-em-pelicula\/"},"modified":"2025-10-24T02:27:01","modified_gmt":"2025-10-24T02:27:01","slug":"botao-superficie-6-250-v-branco-marfim-embalado-em-pelicula","status":"publish","type":"product","link":"https:\/\/casafreitas.pt\/loja\/produto\/botao-superficie-6-250-v-branco-marfim-embalado-em-pelicula\/","title":{"rendered":"Bot\u00e3o de superf\u00edcie 6 a 250 v branco marfim (embalado em pel\u00edcula)"},"content":{"rendered":"","protected":false},"excerpt":{"rendered":"<p>Bot\u00e3o de superf\u00edcie 6 a 250 v branco marfim (embalado em pel\u00edcula)<\/p>\n","protected":false},"featured_media":105489,"comment_status":"open","ping_status":"closed","template":"","meta":[],"product_brand":[],"product_cat":[1748,17350],"product_tag":[13119],"class_list":{"0":"post-105490","1":"product","2":"type-product","3":"status-publish","4":"has-post-thumbnail","6":"product_cat-acessorios-e-baterias-e-material-eletrico","7":"product_cat-series-superficie-acessorios-e-baterias-e-material-eletrico","8":"product_tag-bf","10":"first","11":"instock","12":"taxable","13":"shipping-taxable","14":"purchasable","15":"product-type-simple"},"_links":{"self":[{"href":"https:\/\/casafreitas.pt\/loja\/wp-json\/wp\/v2\/product\/105490","targetHints":{"allow":["GET"]}}],"collection":[{"href":"https:\/\/casafreitas.pt\/loja\/wp-json\/wp\/v2\/product"}],"about":[{"href":"https:\/\/casafreitas.pt\/loja\/wp-json\/wp\/v2\/types\/product"}],"replies":[{"embeddable":true,"href":"https:\/\/casafreitas.pt\/loja\/wp-json\/wp\/v2\/comments?post=105490"}],"version-history":[{"count":1,"href":"https:\/\/casafreitas.pt\/loja\/wp-json\/wp\/v2\/product\/105490\/revisions"}],"predecessor-version":[{"id":105491,"href":"https:\/\/casafreitas.pt\/loja\/wp-json\/wp\/v2\/product\/105490\/revisions\/105491"}],"wp:featuredmedia":[{"embeddable":true,"href":"https:\/\/casafreitas.pt\/loja\/wp-json\/wp\/v2\/media\/105489"}],"wp:attachment":[{"href":"https:\/\/casafreitas.pt\/loja\/wp-json\/wp\/v2\/media?parent=105490"}],"wp:term":[{"taxonomy":"product_brand","embeddable":true,"href":"https:\/\/casafreitas.pt\/loja\/wp-json\/wp\/v2\/product_brand?post=105490"},{"taxonomy":"product_cat","embeddable":true,"href":"https:\/\/casafreitas.pt\/loja\/wp-json\/wp\/v2\/product_cat?post=105490"},{"taxonomy":"product_tag","embeddable":true,"href":"https:\/\/casafreitas.pt\/loja\/wp-json\/wp\/v2\/product_tag?post=105490"}],"curies":[{"name":"wp","href":"https:\/\/api.w.org\/{rel}","templated":true}]}}