{"id":105481,"date":"2025-09-30T17:26:27","date_gmt":"2025-09-30T17:26:27","guid":{"rendered":"https:\/\/casafreitas.pt\/loja\/produto\/2pt-plug-saida-lateral-48-mm-preto-embalado-em-pelicula\/"},"modified":"2025-10-24T02:27:00","modified_gmt":"2025-10-24T02:27:00","slug":"2pt-plug-saida-lateral-48-mm-preto-embalado-em-pelicula","status":"publish","type":"product","link":"https:\/\/casafreitas.pt\/loja\/produto\/2pt-plug-saida-lateral-48-mm-preto-embalado-em-pelicula\/","title":{"rendered":"2p+t plug sa\u00edda lateral 4,8 mm preto (embalado em pel\u00edcula)"},"content":{"rendered":"","protected":false},"excerpt":{"rendered":"<p>2p+t plug sa\u00edda lateral 4,8 mm preto (embalado em pel\u00edcula)<\/p>\n","protected":false},"featured_media":105480,"comment_status":"open","ping_status":"closed","template":"","meta":[],"product_brand":[],"product_cat":[1748,17343],"product_tag":[13119],"class_list":{"0":"post-105481","1":"product","2":"type-product","3":"status-publish","4":"has-post-thumbnail","6":"product_cat-acessorios-e-baterias-e-material-eletrico","7":"product_cat-plugues-acessorios-e-baterias-e-material-eletrico","8":"product_tag-bf","10":"first","11":"instock","12":"taxable","13":"shipping-taxable","14":"purchasable","15":"product-type-simple"},"_links":{"self":[{"href":"https:\/\/casafreitas.pt\/loja\/wp-json\/wp\/v2\/product\/105481","targetHints":{"allow":["GET"]}}],"collection":[{"href":"https:\/\/casafreitas.pt\/loja\/wp-json\/wp\/v2\/product"}],"about":[{"href":"https:\/\/casafreitas.pt\/loja\/wp-json\/wp\/v2\/types\/product"}],"replies":[{"embeddable":true,"href":"https:\/\/casafreitas.pt\/loja\/wp-json\/wp\/v2\/comments?post=105481"}],"version-history":[{"count":1,"href":"https:\/\/casafreitas.pt\/loja\/wp-json\/wp\/v2\/product\/105481\/revisions"}],"predecessor-version":[{"id":105482,"href":"https:\/\/casafreitas.pt\/loja\/wp-json\/wp\/v2\/product\/105481\/revisions\/105482"}],"wp:featuredmedia":[{"embeddable":true,"href":"https:\/\/casafreitas.pt\/loja\/wp-json\/wp\/v2\/media\/105480"}],"wp:attachment":[{"href":"https:\/\/casafreitas.pt\/loja\/wp-json\/wp\/v2\/media?parent=105481"}],"wp:term":[{"taxonomy":"product_brand","embeddable":true,"href":"https:\/\/casafreitas.pt\/loja\/wp-json\/wp\/v2\/product_brand?post=105481"},{"taxonomy":"product_cat","embeddable":true,"href":"https:\/\/casafreitas.pt\/loja\/wp-json\/wp\/v2\/product_cat?post=105481"},{"taxonomy":"product_tag","embeddable":true,"href":"https:\/\/casafreitas.pt\/loja\/wp-json\/wp\/v2\/product_tag?post=105481"}],"curies":[{"name":"wp","href":"https:\/\/api.w.org\/{rel}","templated":true}]}}