{"id":105424,"date":"2025-09-30T17:22:20","date_gmt":"2025-09-30T17:22:20","guid":{"rendered":"https:\/\/casafreitas.pt\/loja\/produto\/powercube-extended-usb-4-tomadas-2-usb-1402-powercube\/"},"modified":"2025-10-24T02:26:58","modified_gmt":"2025-10-24T02:26:58","slug":"powercube-extended-usb-4-tomadas-2-usb-1402-powercube","status":"publish","type":"product","link":"https:\/\/casafreitas.pt\/loja\/produto\/powercube-extended-usb-4-tomadas-2-usb-1402-powercube\/","title":{"rendered":"Powercube extended + usb 4 tomadas + 2 usb 1402 powercube"},"content":{"rendered":"","protected":false},"excerpt":{"rendered":"<p>Powercube extended + usb 4 tomadas + 2 usb 1402 powercube. cores sortidas com powercube extended, assorted colors ter\u00e1 uma solu\u00e7\u00e3o brilhante tanto a n\u00edvel est\u00e9tico como a n\u00edvel funcional. a sua forma cubica permite que os adaptadores n\u00e3o se bloqueiem entre si. com um sistema \u00fanico de fixa\u00e7\u00e3o, pode instal\u00e1-lo na parede, por cima ou debaixo da secret\u00e1ria, criando uma fonte de alimenta\u00e7\u00e3o f\u00e1cil de aceder. carater\u00edsticas: tipo ficha: f (eu), seguran\u00e7a infantil: sim, n\u00famero tomadas 4, forma cubica. evita que as tomadas fiquem bloqueadas, usb: 2 (5v 2.1a). alimanta\u00e7\u00e3o por cabo. voltagem 250v 16a consumo m\u00e1ximo 3680w comprimento cabo: 1,5m sistema fixa\u00e7\u00e3o: base adesiva. posi\u00e7\u00f5es de fixa\u00e7\u00e3o: horizontal\/vertical para baixo<\/p>\n","protected":false},"featured_media":105423,"comment_status":"open","ping_status":"closed","template":"","meta":[],"product_brand":[],"product_cat":[1748,17307],"product_tag":[],"class_list":{"0":"post-105424","1":"product","2":"type-product","3":"status-publish","4":"has-post-thumbnail","6":"product_cat-acessorios-e-baterias-e-material-eletrico","7":"product_cat-bases-acessorios-e-baterias-e-material-eletrico","9":"first","10":"instock","11":"taxable","12":"shipping-taxable","13":"purchasable","14":"product-type-simple"},"_links":{"self":[{"href":"https:\/\/casafreitas.pt\/loja\/wp-json\/wp\/v2\/product\/105424","targetHints":{"allow":["GET"]}}],"collection":[{"href":"https:\/\/casafreitas.pt\/loja\/wp-json\/wp\/v2\/product"}],"about":[{"href":"https:\/\/casafreitas.pt\/loja\/wp-json\/wp\/v2\/types\/product"}],"replies":[{"embeddable":true,"href":"https:\/\/casafreitas.pt\/loja\/wp-json\/wp\/v2\/comments?post=105424"}],"version-history":[{"count":1,"href":"https:\/\/casafreitas.pt\/loja\/wp-json\/wp\/v2\/product\/105424\/revisions"}],"predecessor-version":[{"id":105425,"href":"https:\/\/casafreitas.pt\/loja\/wp-json\/wp\/v2\/product\/105424\/revisions\/105425"}],"wp:featuredmedia":[{"embeddable":true,"href":"https:\/\/casafreitas.pt\/loja\/wp-json\/wp\/v2\/media\/105423"}],"wp:attachment":[{"href":"https:\/\/casafreitas.pt\/loja\/wp-json\/wp\/v2\/media?parent=105424"}],"wp:term":[{"taxonomy":"product_brand","embeddable":true,"href":"https:\/\/casafreitas.pt\/loja\/wp-json\/wp\/v2\/product_brand?post=105424"},{"taxonomy":"product_cat","embeddable":true,"href":"https:\/\/casafreitas.pt\/loja\/wp-json\/wp\/v2\/product_cat?post=105424"},{"taxonomy":"product_tag","embeddable":true,"href":"https:\/\/casafreitas.pt\/loja\/wp-json\/wp\/v2\/product_tag?post=105424"}],"curies":[{"name":"wp","href":"https:\/\/api.w.org\/{rel}","templated":true}]}}