{"id":104722,"date":"2025-09-30T16:26:19","date_gmt":"2025-09-30T16:26:19","guid":{"rendered":"https:\/\/casafreitas.pt\/loja\/produto\/tabuleiro-secretaria-metalica-q-connect-grid-gxa100-preto-2-compartimentos-30x35x185cm\/"},"modified":"2025-10-24T02:26:19","modified_gmt":"2025-10-24T02:26:19","slug":"tabuleiro-secretaria-metalica-q-connect-grid-gxa100-preto-2-compartimentos-30x35x185cm","status":"publish","type":"product","link":"https:\/\/casafreitas.pt\/loja\/produto\/tabuleiro-secretaria-metalica-q-connect-grid-gxa100-preto-2-compartimentos-30x35x185cm\/","title":{"rendered":"Tabuleiro de secret\u00e1ria met\u00e1lica q-connect grid gxa100 preto 2 compartimentos. 30x35x18,5cm"},"content":{"rendered":"","protected":false},"excerpt":{"rendered":"<p>Tabuleiro de secret\u00e1ria met\u00e1lica q-connect grid gxa100 preto 2 compartimentos. conjunto de suporte com 2 tabuleiros em malha met\u00e1lica. dimens\u00f5es: 30x35x18,5cm (largura\/profundidade\/altura)<\/p>\n","protected":false},"featured_media":104721,"comment_status":"open","ping_status":"closed","template":"","meta":[],"product_brand":[],"product_cat":[17987,18007],"product_tag":[],"class_list":{"0":"post-104722","1":"product","2":"type-product","3":"status-publish","4":"has-post-thumbnail","6":"product_cat-material-de-escritorio-escritorio-e-papelaria","7":"product_cat-escritorio-papelaria","9":"first","10":"instock","11":"taxable","12":"shipping-taxable","13":"purchasable","14":"product-type-simple"},"_links":{"self":[{"href":"https:\/\/casafreitas.pt\/loja\/wp-json\/wp\/v2\/product\/104722","targetHints":{"allow":["GET"]}}],"collection":[{"href":"https:\/\/casafreitas.pt\/loja\/wp-json\/wp\/v2\/product"}],"about":[{"href":"https:\/\/casafreitas.pt\/loja\/wp-json\/wp\/v2\/types\/product"}],"replies":[{"embeddable":true,"href":"https:\/\/casafreitas.pt\/loja\/wp-json\/wp\/v2\/comments?post=104722"}],"version-history":[{"count":1,"href":"https:\/\/casafreitas.pt\/loja\/wp-json\/wp\/v2\/product\/104722\/revisions"}],"predecessor-version":[{"id":104723,"href":"https:\/\/casafreitas.pt\/loja\/wp-json\/wp\/v2\/product\/104722\/revisions\/104723"}],"wp:featuredmedia":[{"embeddable":true,"href":"https:\/\/casafreitas.pt\/loja\/wp-json\/wp\/v2\/media\/104721"}],"wp:attachment":[{"href":"https:\/\/casafreitas.pt\/loja\/wp-json\/wp\/v2\/media?parent=104722"}],"wp:term":[{"taxonomy":"product_brand","embeddable":true,"href":"https:\/\/casafreitas.pt\/loja\/wp-json\/wp\/v2\/product_brand?post=104722"},{"taxonomy":"product_cat","embeddable":true,"href":"https:\/\/casafreitas.pt\/loja\/wp-json\/wp\/v2\/product_cat?post=104722"},{"taxonomy":"product_tag","embeddable":true,"href":"https:\/\/casafreitas.pt\/loja\/wp-json\/wp\/v2\/product_tag?post=104722"}],"curies":[{"name":"wp","href":"https:\/\/api.w.org\/{rel}","templated":true}]}}