{"id":104599,"date":"2025-09-30T16:17:15","date_gmt":"2025-09-30T16:17:15","guid":{"rendered":"https:\/\/casafreitas.pt\/loja\/produto\/agrafos-galvanizados-22-6-24-6-aplicam-para-agrafadores-mesa\/"},"modified":"2025-10-24T02:26:14","modified_gmt":"2025-10-24T02:26:14","slug":"agrafos-galvanizados-22-6-24-6-aplicam-para-agrafadores-mesa","status":"publish","type":"product","link":"https:\/\/casafreitas.pt\/loja\/produto\/agrafos-galvanizados-22-6-24-6-aplicam-para-agrafadores-mesa\/","title":{"rendered":"Agrafos galvanizados 22\/6-24\/6 aplicam para agrafadores de mesa"},"content":{"rendered":"","protected":false},"excerpt":{"rendered":"<p>Agrafos galvanizados 22\/6-24\/6 aplicam para agrafadores de mesa. com acabamento em prata brilhante, di\u00e2metro \u00f80,53mm a\u00e7o. devido a suas extremidades afiadas, obter\u00e1s um agrafamento preciso, forte e dur\u00e1vel em todos os seus documentos de baixo volume. cada caixa cont\u00e9m 1.000 agrafos. capacidade aproximada de agrafamento (para papel de 80g\/m\u00b2): 20 folhas<\/p>\n","protected":false},"featured_media":104598,"comment_status":"open","ping_status":"closed","template":"","meta":[],"product_brand":[],"product_cat":[13105,18007],"product_tag":[],"class_list":{"0":"post-104599","1":"product","2":"type-product","3":"status-publish","4":"has-post-thumbnail","6":"product_cat-agrafadores-agrafos-maquinas-de-perfuracao","7":"product_cat-escritorio-papelaria","9":"first","10":"instock","11":"taxable","12":"shipping-taxable","13":"purchasable","14":"product-type-simple"},"_links":{"self":[{"href":"https:\/\/casafreitas.pt\/loja\/wp-json\/wp\/v2\/product\/104599","targetHints":{"allow":["GET"]}}],"collection":[{"href":"https:\/\/casafreitas.pt\/loja\/wp-json\/wp\/v2\/product"}],"about":[{"href":"https:\/\/casafreitas.pt\/loja\/wp-json\/wp\/v2\/types\/product"}],"replies":[{"embeddable":true,"href":"https:\/\/casafreitas.pt\/loja\/wp-json\/wp\/v2\/comments?post=104599"}],"version-history":[{"count":1,"href":"https:\/\/casafreitas.pt\/loja\/wp-json\/wp\/v2\/product\/104599\/revisions"}],"predecessor-version":[{"id":104600,"href":"https:\/\/casafreitas.pt\/loja\/wp-json\/wp\/v2\/product\/104599\/revisions\/104600"}],"wp:featuredmedia":[{"embeddable":true,"href":"https:\/\/casafreitas.pt\/loja\/wp-json\/wp\/v2\/media\/104598"}],"wp:attachment":[{"href":"https:\/\/casafreitas.pt\/loja\/wp-json\/wp\/v2\/media?parent=104599"}],"wp:term":[{"taxonomy":"product_brand","embeddable":true,"href":"https:\/\/casafreitas.pt\/loja\/wp-json\/wp\/v2\/product_brand?post=104599"},{"taxonomy":"product_cat","embeddable":true,"href":"https:\/\/casafreitas.pt\/loja\/wp-json\/wp\/v2\/product_cat?post=104599"},{"taxonomy":"product_tag","embeddable":true,"href":"https:\/\/casafreitas.pt\/loja\/wp-json\/wp\/v2\/product_tag?post=104599"}],"curies":[{"name":"wp","href":"https:\/\/api.w.org\/{rel}","templated":true}]}}