{"id":104443,"date":"2025-09-30T16:06:17","date_gmt":"2025-09-30T16:06:17","guid":{"rendered":"https:\/\/casafreitas.pt\/loja\/produto\/grelhador-duplo-2000-w\/"},"modified":"2025-10-24T02:26:03","modified_gmt":"2025-10-24T02:26:03","slug":"grelhador-duplo-2000-w","status":"publish","type":"product","link":"https:\/\/casafreitas.pt\/loja\/produto\/grelhador-duplo-2000-w\/","title":{"rendered":"Grelhador duplo 2000 w"},"content":{"rendered":"","protected":false},"excerpt":{"rendered":"<p>Grelhador duplo com abertura total 180\u00b0. com placas listradas. a placa superior \u00e9 inclinada, especial para o cozimento perfeito de alimentos extra grosos. press\u00e3o de grelhamento uniforme. revestimento antiaderente sem pfoa. prote\u00e7\u00e3o de seguran\u00e7a contra sobreaquecimento. punho de toque fresco. bandeja de coleta de graxa. medida da placa: 29 x 23,6 cm. tens\u00e3o 230 v. pot\u00eancia 2.000 w<\/p>\n","protected":false},"featured_media":104442,"comment_status":"open","ping_status":"closed","template":"","meta":[],"product_brand":[],"product_cat":[17399,8800],"product_tag":[12805],"class_list":{"0":"post-104443","1":"product","2":"type-product","3":"status-publish","4":"has-post-thumbnail","6":"product_cat-grelhadores-eletricos-churrasqueiras-pequenos-domesticos","7":"product_cat-pequenos-domesticos","8":"product_tag-jata-hogar","10":"first","11":"instock","12":"taxable","13":"shipping-taxable","14":"purchasable","15":"product-type-simple"},"_links":{"self":[{"href":"https:\/\/casafreitas.pt\/loja\/wp-json\/wp\/v2\/product\/104443","targetHints":{"allow":["GET"]}}],"collection":[{"href":"https:\/\/casafreitas.pt\/loja\/wp-json\/wp\/v2\/product"}],"about":[{"href":"https:\/\/casafreitas.pt\/loja\/wp-json\/wp\/v2\/types\/product"}],"replies":[{"embeddable":true,"href":"https:\/\/casafreitas.pt\/loja\/wp-json\/wp\/v2\/comments?post=104443"}],"version-history":[{"count":1,"href":"https:\/\/casafreitas.pt\/loja\/wp-json\/wp\/v2\/product\/104443\/revisions"}],"predecessor-version":[{"id":104444,"href":"https:\/\/casafreitas.pt\/loja\/wp-json\/wp\/v2\/product\/104443\/revisions\/104444"}],"wp:featuredmedia":[{"embeddable":true,"href":"https:\/\/casafreitas.pt\/loja\/wp-json\/wp\/v2\/media\/104442"}],"wp:attachment":[{"href":"https:\/\/casafreitas.pt\/loja\/wp-json\/wp\/v2\/media?parent=104443"}],"wp:term":[{"taxonomy":"product_brand","embeddable":true,"href":"https:\/\/casafreitas.pt\/loja\/wp-json\/wp\/v2\/product_brand?post=104443"},{"taxonomy":"product_cat","embeddable":true,"href":"https:\/\/casafreitas.pt\/loja\/wp-json\/wp\/v2\/product_cat?post=104443"},{"taxonomy":"product_tag","embeddable":true,"href":"https:\/\/casafreitas.pt\/loja\/wp-json\/wp\/v2\/product_tag?post=104443"}],"curies":[{"name":"wp","href":"https:\/\/api.w.org\/{rel}","templated":true}]}}