{"id":104434,"date":"2025-09-30T16:05:39","date_gmt":"2025-09-30T16:05:39","guid":{"rendered":"https:\/\/casafreitas.pt\/loja\/produto\/grelhador-m-magic-2-500-w-460-x-280-mm\/"},"modified":"2025-10-24T02:26:01","modified_gmt":"2025-10-24T02:26:01","slug":"grelhador-m-magic-2-500-w-460-x-280-mm","status":"publish","type":"product","link":"https:\/\/casafreitas.pt\/loja\/produto\/grelhador-m-magic-2-500-w-460-x-280-mm\/","title":{"rendered":"Grelhador m magic 2.500 w 460 x 280 mm"},"content":{"rendered":"","protected":false},"excerpt":{"rendered":"<p>Grelhador m\u00e1gico com revestimento antiaderente ecol\u00f3gico sem pfoa. resist\u00eancia em &#8220;m&#8221;. cozinha por igual em toda a superf\u00edcie. sistema &#8220;super diet&#8221;. permite inclinar a superf\u00edcie, facilitando a recolha de gorduras e molhos. term\u00f3stato ajust\u00e1vel e remov\u00edvel. com bandeja de molho. inclui al\u00e7as de toque frio. seguro para m\u00e1quina de lavar lou\u00e7a. transport\u00e1vel para a mesa. f\u00e1cil de limpar. tens\u00e3o 230 v. pot\u00eancia 2.500 w. medidas: 460 x 280 mm<\/p>\n","protected":false},"featured_media":104433,"comment_status":"open","ping_status":"closed","template":"","meta":[],"product_brand":[],"product_cat":[17399,8800],"product_tag":[12805],"class_list":{"0":"post-104434","1":"product","2":"type-product","3":"status-publish","4":"has-post-thumbnail","6":"product_cat-grelhadores-eletricos-churrasqueiras-pequenos-domesticos","7":"product_cat-pequenos-domesticos","8":"product_tag-jata-hogar","10":"first","11":"instock","12":"taxable","13":"shipping-taxable","14":"purchasable","15":"product-type-simple"},"_links":{"self":[{"href":"https:\/\/casafreitas.pt\/loja\/wp-json\/wp\/v2\/product\/104434","targetHints":{"allow":["GET"]}}],"collection":[{"href":"https:\/\/casafreitas.pt\/loja\/wp-json\/wp\/v2\/product"}],"about":[{"href":"https:\/\/casafreitas.pt\/loja\/wp-json\/wp\/v2\/types\/product"}],"replies":[{"embeddable":true,"href":"https:\/\/casafreitas.pt\/loja\/wp-json\/wp\/v2\/comments?post=104434"}],"version-history":[{"count":1,"href":"https:\/\/casafreitas.pt\/loja\/wp-json\/wp\/v2\/product\/104434\/revisions"}],"predecessor-version":[{"id":104435,"href":"https:\/\/casafreitas.pt\/loja\/wp-json\/wp\/v2\/product\/104434\/revisions\/104435"}],"wp:featuredmedia":[{"embeddable":true,"href":"https:\/\/casafreitas.pt\/loja\/wp-json\/wp\/v2\/media\/104433"}],"wp:attachment":[{"href":"https:\/\/casafreitas.pt\/loja\/wp-json\/wp\/v2\/media?parent=104434"}],"wp:term":[{"taxonomy":"product_brand","embeddable":true,"href":"https:\/\/casafreitas.pt\/loja\/wp-json\/wp\/v2\/product_brand?post=104434"},{"taxonomy":"product_cat","embeddable":true,"href":"https:\/\/casafreitas.pt\/loja\/wp-json\/wp\/v2\/product_cat?post=104434"},{"taxonomy":"product_tag","embeddable":true,"href":"https:\/\/casafreitas.pt\/loja\/wp-json\/wp\/v2\/product_tag?post=104434"}],"curies":[{"name":"wp","href":"https:\/\/api.w.org\/{rel}","templated":true}]}}