{"id":104431,"date":"2025-09-30T16:05:25","date_gmt":"2025-09-30T16:05:25","guid":{"rendered":"https:\/\/casafreitas.pt\/loja\/produto\/grelhador-terracota-1600-w-460-x-280-mm\/"},"modified":"2025-10-24T02:26:00","modified_gmt":"2025-10-24T02:26:00","slug":"grelhador-terracota-1600-w-460-x-280-mm","status":"publish","type":"product","link":"https:\/\/casafreitas.pt\/loja\/produto\/grelhador-terracota-1600-w-460-x-280-mm\/","title":{"rendered":"Grelhador terracota 1600 w 460 x 280 mm"},"content":{"rendered":"","protected":false},"excerpt":{"rendered":"<p>Grelhador terracota para cozinhar a alta temperatura e obter uma extrema dureza. fabrica\u00e7\u00e3o artesanal. durabilidade e resist\u00eancia a riscos. adequado para corte com faca. elevada capacidade de reten\u00e7\u00e3o de calor ap\u00f3s desligar. term\u00f3stato ajust\u00e1vel e remov\u00edvel. inclui pegas de tato frio. transport\u00e1vel para colocar na mesa. f\u00e1cil de limpar. tens\u00e3o 230 v e pot\u00eancia 1.600 w. dimens\u00f5es: 460 x 280 mm<\/p>\n","protected":false},"featured_media":104430,"comment_status":"open","ping_status":"closed","template":"","meta":[],"product_brand":[],"product_cat":[17399,8800],"product_tag":[12805],"class_list":{"0":"post-104431","1":"product","2":"type-product","3":"status-publish","4":"has-post-thumbnail","6":"product_cat-grelhadores-eletricos-churrasqueiras-pequenos-domesticos","7":"product_cat-pequenos-domesticos","8":"product_tag-jata-hogar","10":"first","11":"instock","12":"taxable","13":"shipping-taxable","14":"purchasable","15":"product-type-simple"},"_links":{"self":[{"href":"https:\/\/casafreitas.pt\/loja\/wp-json\/wp\/v2\/product\/104431","targetHints":{"allow":["GET"]}}],"collection":[{"href":"https:\/\/casafreitas.pt\/loja\/wp-json\/wp\/v2\/product"}],"about":[{"href":"https:\/\/casafreitas.pt\/loja\/wp-json\/wp\/v2\/types\/product"}],"replies":[{"embeddable":true,"href":"https:\/\/casafreitas.pt\/loja\/wp-json\/wp\/v2\/comments?post=104431"}],"version-history":[{"count":1,"href":"https:\/\/casafreitas.pt\/loja\/wp-json\/wp\/v2\/product\/104431\/revisions"}],"predecessor-version":[{"id":104432,"href":"https:\/\/casafreitas.pt\/loja\/wp-json\/wp\/v2\/product\/104431\/revisions\/104432"}],"wp:featuredmedia":[{"embeddable":true,"href":"https:\/\/casafreitas.pt\/loja\/wp-json\/wp\/v2\/media\/104430"}],"wp:attachment":[{"href":"https:\/\/casafreitas.pt\/loja\/wp-json\/wp\/v2\/media?parent=104431"}],"wp:term":[{"taxonomy":"product_brand","embeddable":true,"href":"https:\/\/casafreitas.pt\/loja\/wp-json\/wp\/v2\/product_brand?post=104431"},{"taxonomy":"product_cat","embeddable":true,"href":"https:\/\/casafreitas.pt\/loja\/wp-json\/wp\/v2\/product_cat?post=104431"},{"taxonomy":"product_tag","embeddable":true,"href":"https:\/\/casafreitas.pt\/loja\/wp-json\/wp\/v2\/product_tag?post=104431"}],"curies":[{"name":"wp","href":"https:\/\/api.w.org\/{rel}","templated":true}]}}