{"id":104407,"date":"2025-09-30T16:03:41","date_gmt":"2025-09-30T16:03:41","guid":{"rendered":"https:\/\/casafreitas.pt\/loja\/produto\/suporte-isolante-silicone-para-ferros-engomar\/"},"modified":"2025-10-24T02:25:59","modified_gmt":"2025-10-24T02:25:59","slug":"suporte-isolante-silicone-para-ferros-engomar","status":"publish","type":"product","link":"https:\/\/casafreitas.pt\/loja\/produto\/suporte-isolante-silicone-para-ferros-engomar\/","title":{"rendered":"Suporte isolante de silicone para ferros de engomar"},"content":{"rendered":"","protected":false},"excerpt":{"rendered":"<p>Suporte isolante de silicone para ferros de engomar. modelo universal. sua fun\u00e7\u00e3o \u00e9 guardar a tampa das t\u00e1buas de engomar e proteger a sola do ferro. \u00e9 resistente ao calor e antiderrapante. com op\u00e7\u00e3o de pendurar. medidas: 27 x 14 cm<\/p>\n","protected":false},"featured_media":104406,"comment_status":"open","ping_status":"closed","template":"","meta":[],"product_brand":[],"product_cat":[13094,18003],"product_tag":[12805],"class_list":{"0":"post-104407","1":"product","2":"type-product","3":"status-publish","4":"has-post-thumbnail","6":"product_cat-acessorios-para-passar-roupa","7":"product_cat-casa-decoracao","8":"product_tag-jata-hogar","10":"first","11":"instock","12":"taxable","13":"shipping-taxable","14":"purchasable","15":"product-type-simple"},"_links":{"self":[{"href":"https:\/\/casafreitas.pt\/loja\/wp-json\/wp\/v2\/product\/104407","targetHints":{"allow":["GET"]}}],"collection":[{"href":"https:\/\/casafreitas.pt\/loja\/wp-json\/wp\/v2\/product"}],"about":[{"href":"https:\/\/casafreitas.pt\/loja\/wp-json\/wp\/v2\/types\/product"}],"replies":[{"embeddable":true,"href":"https:\/\/casafreitas.pt\/loja\/wp-json\/wp\/v2\/comments?post=104407"}],"version-history":[{"count":1,"href":"https:\/\/casafreitas.pt\/loja\/wp-json\/wp\/v2\/product\/104407\/revisions"}],"predecessor-version":[{"id":104408,"href":"https:\/\/casafreitas.pt\/loja\/wp-json\/wp\/v2\/product\/104407\/revisions\/104408"}],"wp:featuredmedia":[{"embeddable":true,"href":"https:\/\/casafreitas.pt\/loja\/wp-json\/wp\/v2\/media\/104406"}],"wp:attachment":[{"href":"https:\/\/casafreitas.pt\/loja\/wp-json\/wp\/v2\/media?parent=104407"}],"wp:term":[{"taxonomy":"product_brand","embeddable":true,"href":"https:\/\/casafreitas.pt\/loja\/wp-json\/wp\/v2\/product_brand?post=104407"},{"taxonomy":"product_cat","embeddable":true,"href":"https:\/\/casafreitas.pt\/loja\/wp-json\/wp\/v2\/product_cat?post=104407"},{"taxonomy":"product_tag","embeddable":true,"href":"https:\/\/casafreitas.pt\/loja\/wp-json\/wp\/v2\/product_tag?post=104407"}],"curies":[{"name":"wp","href":"https:\/\/api.w.org\/{rel}","templated":true}]}}