{"id":104338,"date":"2025-09-30T15:55:19","date_gmt":"2025-09-30T15:55:19","guid":{"rendered":"https:\/\/casafreitas.pt\/loja\/produto\/varinha-magica-1500-w\/"},"modified":"2025-10-24T02:25:53","modified_gmt":"2025-10-24T02:25:53","slug":"varinha-magica-1500-w","status":"publish","type":"product","link":"https:\/\/casafreitas.pt\/loja\/produto\/varinha-magica-1500-w\/","title":{"rendered":"Varinha m\u00e1gica 1500 w"},"content":{"rendered":"","protected":false},"excerpt":{"rendered":"<p>Varinha m\u00e1gica 1500 w com tecnologia stepless para ajustar a velocidade a partir do bot\u00e3o. l\u00e2minas e varetes em imox de alto desempenho. design ergon\u00f3mico com pega suave. capuz antissalpicos. acess\u00f3rios. livres de bpa e apto para m\u00e1quina lava-lou\u00e7a. inclui copo medidor 700 ml, acess\u00f3rio para picar e emulsificador<\/p>\n","protected":false},"featured_media":104337,"comment_status":"open","ping_status":"closed","template":"","meta":[],"product_brand":[],"product_cat":[17405,8800],"product_tag":[],"class_list":{"0":"post-104338","1":"product","2":"type-product","3":"status-publish","4":"has-post-thumbnail","6":"product_cat-liquidificadores-picadoras-pequenos-domesticos","7":"product_cat-pequenos-domesticos","9":"first","10":"instock","11":"taxable","12":"shipping-taxable","13":"purchasable","14":"product-type-simple"},"_links":{"self":[{"href":"https:\/\/casafreitas.pt\/loja\/wp-json\/wp\/v2\/product\/104338","targetHints":{"allow":["GET"]}}],"collection":[{"href":"https:\/\/casafreitas.pt\/loja\/wp-json\/wp\/v2\/product"}],"about":[{"href":"https:\/\/casafreitas.pt\/loja\/wp-json\/wp\/v2\/types\/product"}],"replies":[{"embeddable":true,"href":"https:\/\/casafreitas.pt\/loja\/wp-json\/wp\/v2\/comments?post=104338"}],"version-history":[{"count":1,"href":"https:\/\/casafreitas.pt\/loja\/wp-json\/wp\/v2\/product\/104338\/revisions"}],"predecessor-version":[{"id":104339,"href":"https:\/\/casafreitas.pt\/loja\/wp-json\/wp\/v2\/product\/104338\/revisions\/104339"}],"wp:featuredmedia":[{"embeddable":true,"href":"https:\/\/casafreitas.pt\/loja\/wp-json\/wp\/v2\/media\/104337"}],"wp:attachment":[{"href":"https:\/\/casafreitas.pt\/loja\/wp-json\/wp\/v2\/media?parent=104338"}],"wp:term":[{"taxonomy":"product_brand","embeddable":true,"href":"https:\/\/casafreitas.pt\/loja\/wp-json\/wp\/v2\/product_brand?post=104338"},{"taxonomy":"product_cat","embeddable":true,"href":"https:\/\/casafreitas.pt\/loja\/wp-json\/wp\/v2\/product_cat?post=104338"},{"taxonomy":"product_tag","embeddable":true,"href":"https:\/\/casafreitas.pt\/loja\/wp-json\/wp\/v2\/product_tag?post=104338"}],"curies":[{"name":"wp","href":"https:\/\/api.w.org\/{rel}","templated":true}]}}