{"id":104125,"date":"2025-09-30T15:39:56","date_gmt":"2025-09-30T15:39:56","guid":{"rendered":"https:\/\/casafreitas.pt\/loja\/produto\/tubo-vapor-para-maquina-cafe-ref-07707-edm\/"},"modified":"2025-10-24T02:25:37","modified_gmt":"2025-10-24T02:25:37","slug":"tubo-vapor-para-maquina-cafe-ref-07707-edm","status":"publish","type":"product","link":"https:\/\/casafreitas.pt\/loja\/produto\/tubo-vapor-para-maquina-cafe-ref-07707-edm\/","title":{"rendered":"Tubo de vapor para m\u00e1quina de caf\u00e9 ref. 07707 edm"},"content":{"rendered":"","protected":false},"excerpt":{"rendered":"<p>Tubo de vapor para m\u00e1quina de caf\u00e9 ref. 07707 edm<\/p>\n","protected":false},"featured_media":104124,"comment_status":"open","ping_status":"closed","template":"","meta":[],"product_brand":[],"product_cat":[1748,17340],"product_tag":[],"class_list":{"0":"post-104125","1":"product","2":"type-product","3":"status-publish","4":"has-post-thumbnail","6":"product_cat-acessorios-e-baterias-e-material-eletrico","7":"product_cat-pecas-de-substituicao-para-pae-acessorios-e-baterias-e-material-eletrico","9":"first","10":"instock","11":"taxable","12":"shipping-taxable","13":"purchasable","14":"product-type-simple"},"_links":{"self":[{"href":"https:\/\/casafreitas.pt\/loja\/wp-json\/wp\/v2\/product\/104125","targetHints":{"allow":["GET"]}}],"collection":[{"href":"https:\/\/casafreitas.pt\/loja\/wp-json\/wp\/v2\/product"}],"about":[{"href":"https:\/\/casafreitas.pt\/loja\/wp-json\/wp\/v2\/types\/product"}],"replies":[{"embeddable":true,"href":"https:\/\/casafreitas.pt\/loja\/wp-json\/wp\/v2\/comments?post=104125"}],"version-history":[{"count":1,"href":"https:\/\/casafreitas.pt\/loja\/wp-json\/wp\/v2\/product\/104125\/revisions"}],"predecessor-version":[{"id":104126,"href":"https:\/\/casafreitas.pt\/loja\/wp-json\/wp\/v2\/product\/104125\/revisions\/104126"}],"wp:featuredmedia":[{"embeddable":true,"href":"https:\/\/casafreitas.pt\/loja\/wp-json\/wp\/v2\/media\/104124"}],"wp:attachment":[{"href":"https:\/\/casafreitas.pt\/loja\/wp-json\/wp\/v2\/media?parent=104125"}],"wp:term":[{"taxonomy":"product_brand","embeddable":true,"href":"https:\/\/casafreitas.pt\/loja\/wp-json\/wp\/v2\/product_brand?post=104125"},{"taxonomy":"product_cat","embeddable":true,"href":"https:\/\/casafreitas.pt\/loja\/wp-json\/wp\/v2\/product_cat?post=104125"},{"taxonomy":"product_tag","embeddable":true,"href":"https:\/\/casafreitas.pt\/loja\/wp-json\/wp\/v2\/product_tag?post=104125"}],"curies":[{"name":"wp","href":"https:\/\/api.w.org\/{rel}","templated":true}]}}