{"id":104050,"date":"2025-09-30T15:34:44","date_gmt":"2025-09-30T15:34:44","guid":{"rendered":"https:\/\/casafreitas.pt\/loja\/produto\/cozinha-eletrica-2-fogos-1000-1500w\/"},"modified":"2025-10-24T02:25:32","modified_gmt":"2025-10-24T02:25:32","slug":"cozinha-eletrica-2-fogos-1000-1500w","status":"publish","type":"product","link":"https:\/\/casafreitas.pt\/loja\/produto\/cozinha-eletrica-2-fogos-1000-1500w\/","title":{"rendered":"Cozinha el\u00e9trica 2 fogos 1000-1500w"},"content":{"rendered":"","protected":false},"excerpt":{"rendered":"<p>Cozinha el\u00e9trica port\u00e1til 2 fogos. poten\u00e7a: 1000-1500w. 2 discos \u00f815,5cm + \u00f818,5cm. indicador luminoso de ligado. regula\u00e7ao com 5 niv\u00e9is de temperatura. medidas: 46 x 27 x 7 cm (largura\/profundidade\/altura) 220-240v<\/p>\n","protected":false},"featured_media":104049,"comment_status":"open","ping_status":"closed","template":"","meta":[],"product_brand":[],"product_cat":[17396,8800],"product_tag":[],"class_list":{"0":"post-104050","1":"product","2":"type-product","3":"status-publish","4":"has-post-thumbnail","6":"product_cat-fogoes-electricos-a-gas-inducao-pequenos-domesticos","7":"product_cat-pequenos-domesticos","9":"first","10":"instock","11":"taxable","12":"shipping-taxable","13":"purchasable","14":"product-type-simple"},"_links":{"self":[{"href":"https:\/\/casafreitas.pt\/loja\/wp-json\/wp\/v2\/product\/104050","targetHints":{"allow":["GET"]}}],"collection":[{"href":"https:\/\/casafreitas.pt\/loja\/wp-json\/wp\/v2\/product"}],"about":[{"href":"https:\/\/casafreitas.pt\/loja\/wp-json\/wp\/v2\/types\/product"}],"replies":[{"embeddable":true,"href":"https:\/\/casafreitas.pt\/loja\/wp-json\/wp\/v2\/comments?post=104050"}],"version-history":[{"count":1,"href":"https:\/\/casafreitas.pt\/loja\/wp-json\/wp\/v2\/product\/104050\/revisions"}],"predecessor-version":[{"id":104051,"href":"https:\/\/casafreitas.pt\/loja\/wp-json\/wp\/v2\/product\/104050\/revisions\/104051"}],"wp:featuredmedia":[{"embeddable":true,"href":"https:\/\/casafreitas.pt\/loja\/wp-json\/wp\/v2\/media\/104049"}],"wp:attachment":[{"href":"https:\/\/casafreitas.pt\/loja\/wp-json\/wp\/v2\/media?parent=104050"}],"wp:term":[{"taxonomy":"product_brand","embeddable":true,"href":"https:\/\/casafreitas.pt\/loja\/wp-json\/wp\/v2\/product_brand?post=104050"},{"taxonomy":"product_cat","embeddable":true,"href":"https:\/\/casafreitas.pt\/loja\/wp-json\/wp\/v2\/product_cat?post=104050"},{"taxonomy":"product_tag","embeddable":true,"href":"https:\/\/casafreitas.pt\/loja\/wp-json\/wp\/v2\/product_tag?post=104050"}],"curies":[{"name":"wp","href":"https:\/\/api.w.org\/{rel}","templated":true}]}}