{"id":104047,"date":"2025-09-30T15:34:32","date_gmt":"2025-09-30T15:34:32","guid":{"rendered":"https:\/\/casafreitas.pt\/loja\/produto\/cozinha-eletrica-1-fogo-portatil-1000w-edm\/"},"modified":"2025-10-24T02:25:32","modified_gmt":"2025-10-24T02:25:32","slug":"cozinha-eletrica-1-fogo-portatil-1000w-edm","status":"publish","type":"product","link":"https:\/\/casafreitas.pt\/loja\/produto\/cozinha-eletrica-1-fogo-portatil-1000w-edm\/","title":{"rendered":"Cozinha el\u00e9trica 1 fogo port\u00e1til 1000w edm"},"content":{"rendered":"","protected":false},"excerpt":{"rendered":"<p>Placa eletrica port\u00e1til poten\u00e7a: 1000w. placa \u00f815,5cm. luz indicadora de encendido. regula\u00e7ao de temperatura em 5 niveis. dimensioes: 24x22x7cm (largura\/profundidade\/altura) 220-240v edm<\/p>\n","protected":false},"featured_media":104046,"comment_status":"open","ping_status":"closed","template":"","meta":[],"product_brand":[],"product_cat":[17396,8800],"product_tag":[],"class_list":{"0":"post-104047","1":"product","2":"type-product","3":"status-publish","4":"has-post-thumbnail","6":"product_cat-fogoes-electricos-a-gas-inducao-pequenos-domesticos","7":"product_cat-pequenos-domesticos","9":"first","10":"instock","11":"taxable","12":"shipping-taxable","13":"purchasable","14":"product-type-simple"},"_links":{"self":[{"href":"https:\/\/casafreitas.pt\/loja\/wp-json\/wp\/v2\/product\/104047","targetHints":{"allow":["GET"]}}],"collection":[{"href":"https:\/\/casafreitas.pt\/loja\/wp-json\/wp\/v2\/product"}],"about":[{"href":"https:\/\/casafreitas.pt\/loja\/wp-json\/wp\/v2\/types\/product"}],"replies":[{"embeddable":true,"href":"https:\/\/casafreitas.pt\/loja\/wp-json\/wp\/v2\/comments?post=104047"}],"version-history":[{"count":1,"href":"https:\/\/casafreitas.pt\/loja\/wp-json\/wp\/v2\/product\/104047\/revisions"}],"predecessor-version":[{"id":104048,"href":"https:\/\/casafreitas.pt\/loja\/wp-json\/wp\/v2\/product\/104047\/revisions\/104048"}],"wp:featuredmedia":[{"embeddable":true,"href":"https:\/\/casafreitas.pt\/loja\/wp-json\/wp\/v2\/media\/104046"}],"wp:attachment":[{"href":"https:\/\/casafreitas.pt\/loja\/wp-json\/wp\/v2\/media?parent=104047"}],"wp:term":[{"taxonomy":"product_brand","embeddable":true,"href":"https:\/\/casafreitas.pt\/loja\/wp-json\/wp\/v2\/product_brand?post=104047"},{"taxonomy":"product_cat","embeddable":true,"href":"https:\/\/casafreitas.pt\/loja\/wp-json\/wp\/v2\/product_cat?post=104047"},{"taxonomy":"product_tag","embeddable":true,"href":"https:\/\/casafreitas.pt\/loja\/wp-json\/wp\/v2\/product_tag?post=104047"}],"curies":[{"name":"wp","href":"https:\/\/api.w.org\/{rel}","templated":true}]}}