{"id":103972,"date":"2025-09-30T15:26:27","date_gmt":"2025-09-30T15:26:27","guid":{"rendered":"https:\/\/casafreitas.pt\/loja\/produto\/balanca-analogico-cozinha-max-4kg-o165-x-17-cm\/"},"modified":"2025-10-24T02:25:26","modified_gmt":"2025-10-24T02:25:26","slug":"balanca-analogico-cozinha-max-4kg-o165-x-17-cm","status":"publish","type":"product","link":"https:\/\/casafreitas.pt\/loja\/produto\/balanca-analogico-cozinha-max-4kg-o165-x-17-cm\/","title":{"rendered":"Balan\u00e7a anal\u00f3gico de cozinha max. 4kg, \u00f816,5 x 17 cm"},"content":{"rendered":"","protected":false},"excerpt":{"rendered":"<p>Balan\u00e7a anal\u00f3gica de cozinha, m\u00e1x. 4 kg; divis\u00e3o 20 g. dimens\u00f5es prato: \u00f816,5 cm, altura: 17 cm<\/p>\n","protected":false},"featured_media":103971,"comment_status":"open","ping_status":"closed","template":"","meta":[],"product_brand":[],"product_cat":[17386,8800],"product_tag":[],"class_list":{"0":"post-103972","1":"product","2":"type-product","3":"status-publish","4":"has-post-thumbnail","6":"product_cat-balancas-de-cozinha-pequenos-domesticos","7":"product_cat-pequenos-domesticos","9":"first","10":"instock","11":"taxable","12":"shipping-taxable","13":"purchasable","14":"product-type-simple"},"_links":{"self":[{"href":"https:\/\/casafreitas.pt\/loja\/wp-json\/wp\/v2\/product\/103972","targetHints":{"allow":["GET"]}}],"collection":[{"href":"https:\/\/casafreitas.pt\/loja\/wp-json\/wp\/v2\/product"}],"about":[{"href":"https:\/\/casafreitas.pt\/loja\/wp-json\/wp\/v2\/types\/product"}],"replies":[{"embeddable":true,"href":"https:\/\/casafreitas.pt\/loja\/wp-json\/wp\/v2\/comments?post=103972"}],"version-history":[{"count":1,"href":"https:\/\/casafreitas.pt\/loja\/wp-json\/wp\/v2\/product\/103972\/revisions"}],"predecessor-version":[{"id":103973,"href":"https:\/\/casafreitas.pt\/loja\/wp-json\/wp\/v2\/product\/103972\/revisions\/103973"}],"wp:featuredmedia":[{"embeddable":true,"href":"https:\/\/casafreitas.pt\/loja\/wp-json\/wp\/v2\/media\/103971"}],"wp:attachment":[{"href":"https:\/\/casafreitas.pt\/loja\/wp-json\/wp\/v2\/media?parent=103972"}],"wp:term":[{"taxonomy":"product_brand","embeddable":true,"href":"https:\/\/casafreitas.pt\/loja\/wp-json\/wp\/v2\/product_brand?post=103972"},{"taxonomy":"product_cat","embeddable":true,"href":"https:\/\/casafreitas.pt\/loja\/wp-json\/wp\/v2\/product_cat?post=103972"},{"taxonomy":"product_tag","embeddable":true,"href":"https:\/\/casafreitas.pt\/loja\/wp-json\/wp\/v2\/product_tag?post=103972"}],"curies":[{"name":"wp","href":"https:\/\/api.w.org\/{rel}","templated":true}]}}