{"id":103966,"date":"2025-09-30T15:25:55","date_gmt":"2025-09-30T15:25:55","guid":{"rendered":"https:\/\/casafreitas.pt\/loja\/produto\/balanca-para-casa-banho-mecanica-max-130kg-edm\/"},"modified":"2025-10-24T02:25:25","modified_gmt":"2025-10-24T02:25:25","slug":"balanca-para-casa-banho-mecanica-max-130kg-edm","status":"publish","type":"product","link":"https:\/\/casafreitas.pt\/loja\/produto\/balanca-para-casa-banho-mecanica-max-130kg-edm\/","title":{"rendered":"Balan\u00e7a para casa de banho mec\u00e2nica max. 130kg edm"},"content":{"rendered":"","protected":false},"excerpt":{"rendered":"<p>Balan\u00e7a para casa de banho mec\u00e2nica max. 130kg edm superf\u00edcie antideslizante. dimens\u00f5es 24,3x4x26,8 (largura\/profundidade\/altura). desenhho resistente antideslizante. peso m\u00e1ximo de leitura 130kg. divis\u00e3o de leitura de 1kg<\/p>\n","protected":false},"featured_media":103965,"comment_status":"open","ping_status":"closed","template":"","meta":[],"product_brand":[],"product_cat":[17387,8800],"product_tag":[],"class_list":{"0":"post-103966","1":"product","2":"type-product","3":"status-publish","4":"has-post-thumbnail","6":"product_cat-balancas-para-banheiro-pequenos-domesticos","7":"product_cat-pequenos-domesticos","9":"first","10":"instock","11":"taxable","12":"shipping-taxable","13":"purchasable","14":"product-type-simple"},"_links":{"self":[{"href":"https:\/\/casafreitas.pt\/loja\/wp-json\/wp\/v2\/product\/103966","targetHints":{"allow":["GET"]}}],"collection":[{"href":"https:\/\/casafreitas.pt\/loja\/wp-json\/wp\/v2\/product"}],"about":[{"href":"https:\/\/casafreitas.pt\/loja\/wp-json\/wp\/v2\/types\/product"}],"replies":[{"embeddable":true,"href":"https:\/\/casafreitas.pt\/loja\/wp-json\/wp\/v2\/comments?post=103966"}],"version-history":[{"count":1,"href":"https:\/\/casafreitas.pt\/loja\/wp-json\/wp\/v2\/product\/103966\/revisions"}],"predecessor-version":[{"id":103967,"href":"https:\/\/casafreitas.pt\/loja\/wp-json\/wp\/v2\/product\/103966\/revisions\/103967"}],"wp:featuredmedia":[{"embeddable":true,"href":"https:\/\/casafreitas.pt\/loja\/wp-json\/wp\/v2\/media\/103965"}],"wp:attachment":[{"href":"https:\/\/casafreitas.pt\/loja\/wp-json\/wp\/v2\/media?parent=103966"}],"wp:term":[{"taxonomy":"product_brand","embeddable":true,"href":"https:\/\/casafreitas.pt\/loja\/wp-json\/wp\/v2\/product_brand?post=103966"},{"taxonomy":"product_cat","embeddable":true,"href":"https:\/\/casafreitas.pt\/loja\/wp-json\/wp\/v2\/product_cat?post=103966"},{"taxonomy":"product_tag","embeddable":true,"href":"https:\/\/casafreitas.pt\/loja\/wp-json\/wp\/v2\/product_tag?post=103966"}],"curies":[{"name":"wp","href":"https:\/\/api.w.org\/{rel}","templated":true}]}}