{"id":103741,"date":"2025-09-30T15:10:02","date_gmt":"2025-09-30T15:10:02","guid":{"rendered":"https:\/\/casafreitas.pt\/loja\/produto\/limpador-secador-automatico-pinceis-maquiagem-maklin-innovagoods\/"},"modified":"2025-11-21T22:00:56","modified_gmt":"2025-11-21T22:00:56","slug":"limpador-secador-automatico-pinceis-maquiagem-maklin-innovagoods","status":"publish","type":"product","link":"https:\/\/casafreitas.pt\/loja\/produto\/limpador-secador-automatico-pinceis-maquiagem-maklin-innovagoods\/","title":{"rendered":"Limpador e secador autom\u00e1tico de pinc\u00e9is de maquiagem maklin innovagoods."},"content":{"rendered":"","protected":false},"excerpt":{"rendered":"<p>Maklin limpador e secador autom\u00e1tico de pinc\u00e9is de maquiagem, velocidade 7000 r.p.m., funciona com 2aaa baterias, inclui 8 adaptadores (\u00f830-24-19-15-11-9-7-5mm), bot\u00e3o liga\/desliga, medidas \u00f812x10cm, 3.5&#215;13; 5x3cm. innovagoods<\/p>\n","protected":false},"featured_media":103740,"comment_status":"open","ping_status":"closed","template":"","meta":[],"product_brand":[],"product_cat":[17388,8800],"product_tag":[],"class_list":{"0":"post-103741","1":"product","2":"type-product","3":"status-publish","4":"has-post-thumbnail","6":"product_cat-beleza-saude-pequenos-domesticos","7":"product_cat-pequenos-domesticos","9":"first","10":"instock","11":"taxable","12":"shipping-taxable","13":"purchasable","14":"product-type-simple"},"_links":{"self":[{"href":"https:\/\/casafreitas.pt\/loja\/wp-json\/wp\/v2\/product\/103741","targetHints":{"allow":["GET"]}}],"collection":[{"href":"https:\/\/casafreitas.pt\/loja\/wp-json\/wp\/v2\/product"}],"about":[{"href":"https:\/\/casafreitas.pt\/loja\/wp-json\/wp\/v2\/types\/product"}],"replies":[{"embeddable":true,"href":"https:\/\/casafreitas.pt\/loja\/wp-json\/wp\/v2\/comments?post=103741"}],"version-history":[{"count":1,"href":"https:\/\/casafreitas.pt\/loja\/wp-json\/wp\/v2\/product\/103741\/revisions"}],"predecessor-version":[{"id":103742,"href":"https:\/\/casafreitas.pt\/loja\/wp-json\/wp\/v2\/product\/103741\/revisions\/103742"}],"wp:featuredmedia":[{"embeddable":true,"href":"https:\/\/casafreitas.pt\/loja\/wp-json\/wp\/v2\/media\/103740"}],"wp:attachment":[{"href":"https:\/\/casafreitas.pt\/loja\/wp-json\/wp\/v2\/media?parent=103741"}],"wp:term":[{"taxonomy":"product_brand","embeddable":true,"href":"https:\/\/casafreitas.pt\/loja\/wp-json\/wp\/v2\/product_brand?post=103741"},{"taxonomy":"product_cat","embeddable":true,"href":"https:\/\/casafreitas.pt\/loja\/wp-json\/wp\/v2\/product_cat?post=103741"},{"taxonomy":"product_tag","embeddable":true,"href":"https:\/\/casafreitas.pt\/loja\/wp-json\/wp\/v2\/product_tag?post=103741"}],"curies":[{"name":"wp","href":"https:\/\/api.w.org\/{rel}","templated":true}]}}