{"id":103732,"date":"2025-09-30T15:09:23","date_gmt":"2025-09-30T15:09:23","guid":{"rendered":"https:\/\/casafreitas.pt\/loja\/produto\/warmex-aquecedor-cera-para-depilacao-innovagoods\/"},"modified":"2025-10-24T02:24:59","modified_gmt":"2025-10-24T02:24:59","slug":"warmex-aquecedor-cera-para-depilacao-innovagoods","status":"publish","type":"product","link":"https:\/\/casafreitas.pt\/loja\/produto\/warmex-aquecedor-cera-para-depilacao-innovagoods\/","title":{"rendered":"Warmex aquecedor de cera para depila\u00e7\u00e3o. innovagoods"},"content":{"rendered":"","protected":false},"excerpt":{"rendered":"<p>Aquecedor de cera warmex para depila\u00e7\u00e3o, pot\u00eancia 40w 220-240v\/50-60hz, temperatura ajust\u00e1vel (50-120\u00b0) 6 n\u00edveis, sistema de aquecimento que derrete a cera e mant\u00e9m a temperatura, inclui esp\u00e1tula e tampa, indicador de aquecimento led, medidas 11&#215;13.2x12cm. innovagoods<\/p>\n","protected":false},"featured_media":103731,"comment_status":"open","ping_status":"closed","template":"","meta":[],"product_brand":[],"product_cat":[17388,8800],"product_tag":[],"class_list":{"0":"post-103732","1":"product","2":"type-product","3":"status-publish","4":"has-post-thumbnail","6":"product_cat-beleza-saude-pequenos-domesticos","7":"product_cat-pequenos-domesticos","9":"first","10":"instock","11":"taxable","12":"shipping-taxable","13":"purchasable","14":"product-type-simple"},"_links":{"self":[{"href":"https:\/\/casafreitas.pt\/loja\/wp-json\/wp\/v2\/product\/103732","targetHints":{"allow":["GET"]}}],"collection":[{"href":"https:\/\/casafreitas.pt\/loja\/wp-json\/wp\/v2\/product"}],"about":[{"href":"https:\/\/casafreitas.pt\/loja\/wp-json\/wp\/v2\/types\/product"}],"replies":[{"embeddable":true,"href":"https:\/\/casafreitas.pt\/loja\/wp-json\/wp\/v2\/comments?post=103732"}],"version-history":[{"count":1,"href":"https:\/\/casafreitas.pt\/loja\/wp-json\/wp\/v2\/product\/103732\/revisions"}],"predecessor-version":[{"id":103733,"href":"https:\/\/casafreitas.pt\/loja\/wp-json\/wp\/v2\/product\/103732\/revisions\/103733"}],"wp:featuredmedia":[{"embeddable":true,"href":"https:\/\/casafreitas.pt\/loja\/wp-json\/wp\/v2\/media\/103731"}],"wp:attachment":[{"href":"https:\/\/casafreitas.pt\/loja\/wp-json\/wp\/v2\/media?parent=103732"}],"wp:term":[{"taxonomy":"product_brand","embeddable":true,"href":"https:\/\/casafreitas.pt\/loja\/wp-json\/wp\/v2\/product_brand?post=103732"},{"taxonomy":"product_cat","embeddable":true,"href":"https:\/\/casafreitas.pt\/loja\/wp-json\/wp\/v2\/product_cat?post=103732"},{"taxonomy":"product_tag","embeddable":true,"href":"https:\/\/casafreitas.pt\/loja\/wp-json\/wp\/v2\/product_tag?post=103732"}],"curies":[{"name":"wp","href":"https:\/\/api.w.org\/{rel}","templated":true}]}}