{"id":103729,"date":"2025-09-30T15:09:11","date_gmt":"2025-09-30T15:09:11","guid":{"rendered":"https:\/\/casafreitas.pt\/loja\/produto\/estendal-eletrico-dobravel-230-w-deposicao-15-m\/"},"modified":"2025-10-24T02:24:59","modified_gmt":"2025-10-24T02:24:59","slug":"estendal-eletrico-dobravel-230-w-deposicao-15-m","status":"publish","type":"product","link":"https:\/\/casafreitas.pt\/loja\/produto\/estendal-eletrico-dobravel-230-w-deposicao-15-m\/","title":{"rendered":"Estendal el\u00e9trico dobr\u00e1vel 230 w , deposi\u00e7\u00e3o 15 m"},"content":{"rendered":"","protected":false},"excerpt":{"rendered":"<p>Estendal el\u00e9trico dobr\u00e1vel 230 w, 18 varetas, superf\u00edcies de secagem 15 m<\/p>\n","protected":false},"featured_media":103728,"comment_status":"open","ping_status":"closed","template":"","meta":[],"product_brand":[],"product_cat":[17701,18003],"product_tag":[],"class_list":{"0":"post-103729","1":"product","2":"type-product","3":"status-publish","4":"has-post-thumbnail","6":"product_cat-estendais-casa-e-decoracao","7":"product_cat-casa-decoracao","9":"first","10":"instock","11":"taxable","12":"shipping-taxable","13":"purchasable","14":"product-type-simple"},"_links":{"self":[{"href":"https:\/\/casafreitas.pt\/loja\/wp-json\/wp\/v2\/product\/103729","targetHints":{"allow":["GET"]}}],"collection":[{"href":"https:\/\/casafreitas.pt\/loja\/wp-json\/wp\/v2\/product"}],"about":[{"href":"https:\/\/casafreitas.pt\/loja\/wp-json\/wp\/v2\/types\/product"}],"replies":[{"embeddable":true,"href":"https:\/\/casafreitas.pt\/loja\/wp-json\/wp\/v2\/comments?post=103729"}],"version-history":[{"count":1,"href":"https:\/\/casafreitas.pt\/loja\/wp-json\/wp\/v2\/product\/103729\/revisions"}],"predecessor-version":[{"id":103730,"href":"https:\/\/casafreitas.pt\/loja\/wp-json\/wp\/v2\/product\/103729\/revisions\/103730"}],"wp:featuredmedia":[{"embeddable":true,"href":"https:\/\/casafreitas.pt\/loja\/wp-json\/wp\/v2\/media\/103728"}],"wp:attachment":[{"href":"https:\/\/casafreitas.pt\/loja\/wp-json\/wp\/v2\/media?parent=103729"}],"wp:term":[{"taxonomy":"product_brand","embeddable":true,"href":"https:\/\/casafreitas.pt\/loja\/wp-json\/wp\/v2\/product_brand?post=103729"},{"taxonomy":"product_cat","embeddable":true,"href":"https:\/\/casafreitas.pt\/loja\/wp-json\/wp\/v2\/product_cat?post=103729"},{"taxonomy":"product_tag","embeddable":true,"href":"https:\/\/casafreitas.pt\/loja\/wp-json\/wp\/v2\/product_tag?post=103729"}],"curies":[{"name":"wp","href":"https:\/\/api.w.org\/{rel}","templated":true}]}}