{"id":103726,"date":"2025-09-30T15:08:57","date_gmt":"2025-09-30T15:08:57","guid":{"rendered":"https:\/\/casafreitas.pt\/loja\/produto\/maquina-cortar-cabelo-profissional-recarregavel-com-acessorios-v0103734-innovagoods\/"},"modified":"2025-10-24T02:24:58","modified_gmt":"2025-10-24T02:24:58","slug":"maquina-cortar-cabelo-profissional-recarregavel-com-acessorios-v0103734-innovagoods","status":"publish","type":"product","link":"https:\/\/casafreitas.pt\/loja\/produto\/maquina-cortar-cabelo-profissional-recarregavel-com-acessorios-v0103734-innovagoods\/","title":{"rendered":"M\u00e1quina de cortar cabelo profissional recarreg\u00e1vel com acess\u00f3rios v0103734 innovagoods"},"content":{"rendered":"","protected":false},"excerpt":{"rendered":"<p>M\u00e1quina de cortar cabelo profissional recarreg\u00e1vel com acess\u00f3rios v0103734 innovagoods com lcd e 3 velocidades, permite realizar uma infinidade de cortes diferentes de moda, com 6 pentes (1,5 -2-3-4-6-9mm). inclui: cabo usb-c, escovinha de limpeza, garrafa de \u00f3leo lubrificante e saco para transporte, bateria de li-ion com capacidade de 1200 mah dc 5v<\/p>\n","protected":false},"featured_media":103725,"comment_status":"open","ping_status":"closed","template":"","meta":[],"product_brand":[],"product_cat":[17390,8800],"product_tag":[],"class_list":{"0":"post-103726","1":"product","2":"type-product","3":"status-publish","4":"has-post-thumbnail","6":"product_cat-cortadores-de-cabelo-barbeares-pequenos-domesticos","7":"product_cat-pequenos-domesticos","9":"first","10":"instock","11":"taxable","12":"shipping-taxable","13":"purchasable","14":"product-type-simple"},"_links":{"self":[{"href":"https:\/\/casafreitas.pt\/loja\/wp-json\/wp\/v2\/product\/103726","targetHints":{"allow":["GET"]}}],"collection":[{"href":"https:\/\/casafreitas.pt\/loja\/wp-json\/wp\/v2\/product"}],"about":[{"href":"https:\/\/casafreitas.pt\/loja\/wp-json\/wp\/v2\/types\/product"}],"replies":[{"embeddable":true,"href":"https:\/\/casafreitas.pt\/loja\/wp-json\/wp\/v2\/comments?post=103726"}],"version-history":[{"count":1,"href":"https:\/\/casafreitas.pt\/loja\/wp-json\/wp\/v2\/product\/103726\/revisions"}],"predecessor-version":[{"id":103727,"href":"https:\/\/casafreitas.pt\/loja\/wp-json\/wp\/v2\/product\/103726\/revisions\/103727"}],"wp:featuredmedia":[{"embeddable":true,"href":"https:\/\/casafreitas.pt\/loja\/wp-json\/wp\/v2\/media\/103725"}],"wp:attachment":[{"href":"https:\/\/casafreitas.pt\/loja\/wp-json\/wp\/v2\/media?parent=103726"}],"wp:term":[{"taxonomy":"product_brand","embeddable":true,"href":"https:\/\/casafreitas.pt\/loja\/wp-json\/wp\/v2\/product_brand?post=103726"},{"taxonomy":"product_cat","embeddable":true,"href":"https:\/\/casafreitas.pt\/loja\/wp-json\/wp\/v2\/product_cat?post=103726"},{"taxonomy":"product_tag","embeddable":true,"href":"https:\/\/casafreitas.pt\/loja\/wp-json\/wp\/v2\/product_tag?post=103726"}],"curies":[{"name":"wp","href":"https:\/\/api.w.org\/{rel}","templated":true}]}}