{"id":103711,"date":"2025-09-30T15:07:49","date_gmt":"2025-09-30T15:07:49","guid":{"rendered":"https:\/\/casafreitas.pt\/loja\/produto\/maquina-para-selar-sacos-com-iman-innovagoods\/"},"modified":"2025-10-24T02:24:57","modified_gmt":"2025-10-24T02:24:57","slug":"maquina-para-selar-sacos-com-iman-innovagoods","status":"publish","type":"product","link":"https:\/\/casafreitas.pt\/loja\/produto\/maquina-para-selar-sacos-com-iman-innovagoods\/","title":{"rendered":"M\u00e1quina para selar sacos com \u00edman innovagoods"},"content":{"rendered":"","protected":false},"excerpt":{"rendered":"<p>M\u00e1quina para selar sacos com \u00edman innovagoods. m\u00e1quina de selar sacos a v\u00e1cuo com \u00edman para frigor\u00edfico que permite fechar hermeticamente os sacos de alimentos, prolongando e melhorando a sua conserva\u00e7\u00e3o sem perder as suas propriedades. pelo seu design ligeiro, compacto e port\u00e1til, \u00e9 muito f\u00e1cil de usar, transportar e guardar em qualquer parte. esta moderna m\u00e1quina de selar sacos el\u00e9trica. funciona com 2xaa (n\u00e3o inclu\u00eddas), o qual facilita o seu uso sem necessidade de cabos nem fichas. o seu funcionamento \u00e9 muito simples, deliza os extremos do saco entre as l\u00e2minas de selar quando estiverem quentes de modo a que o saco fique fechado herm\u00e9ticamente em apenas um movimento. tamb\u00e9m \u00e9 multifun\u00e7\u00f5es, j\u00e1 que, ao ser magn\u00e9tica pode colocar-se no frigor\u00edfico ou em qualquer superf\u00edcie met\u00e1lica<\/p>\n","protected":false},"featured_media":103710,"comment_status":"open","ping_status":"closed","template":"","meta":[],"product_brand":[],"product_cat":[17393,8800],"product_tag":[],"class_list":{"0":"post-103711","1":"product","2":"type-product","3":"status-publish","4":"has-post-thumbnail","6":"product_cat-embalado-a-vacuo-pequenos-domesticos","7":"product_cat-pequenos-domesticos","9":"first","10":"instock","11":"taxable","12":"shipping-taxable","13":"purchasable","14":"product-type-simple"},"_links":{"self":[{"href":"https:\/\/casafreitas.pt\/loja\/wp-json\/wp\/v2\/product\/103711","targetHints":{"allow":["GET"]}}],"collection":[{"href":"https:\/\/casafreitas.pt\/loja\/wp-json\/wp\/v2\/product"}],"about":[{"href":"https:\/\/casafreitas.pt\/loja\/wp-json\/wp\/v2\/types\/product"}],"replies":[{"embeddable":true,"href":"https:\/\/casafreitas.pt\/loja\/wp-json\/wp\/v2\/comments?post=103711"}],"version-history":[{"count":1,"href":"https:\/\/casafreitas.pt\/loja\/wp-json\/wp\/v2\/product\/103711\/revisions"}],"predecessor-version":[{"id":103712,"href":"https:\/\/casafreitas.pt\/loja\/wp-json\/wp\/v2\/product\/103711\/revisions\/103712"}],"wp:featuredmedia":[{"embeddable":true,"href":"https:\/\/casafreitas.pt\/loja\/wp-json\/wp\/v2\/media\/103710"}],"wp:attachment":[{"href":"https:\/\/casafreitas.pt\/loja\/wp-json\/wp\/v2\/media?parent=103711"}],"wp:term":[{"taxonomy":"product_brand","embeddable":true,"href":"https:\/\/casafreitas.pt\/loja\/wp-json\/wp\/v2\/product_brand?post=103711"},{"taxonomy":"product_cat","embeddable":true,"href":"https:\/\/casafreitas.pt\/loja\/wp-json\/wp\/v2\/product_cat?post=103711"},{"taxonomy":"product_tag","embeddable":true,"href":"https:\/\/casafreitas.pt\/loja\/wp-json\/wp\/v2\/product_tag?post=103711"}],"curies":[{"name":"wp","href":"https:\/\/api.w.org\/{rel}","templated":true}]}}