{"id":103708,"date":"2025-09-30T15:07:35","date_gmt":"2025-09-30T15:07:35","guid":{"rendered":"https:\/\/casafreitas.pt\/loja\/produto\/mini-maquina-cozer-portatil-v0103326-innovagoods\/"},"modified":"2025-11-21T22:00:56","modified_gmt":"2025-11-21T22:00:56","slug":"mini-maquina-cozer-portatil-v0103326-innovagoods","status":"publish","type":"product","link":"https:\/\/casafreitas.pt\/loja\/produto\/mini-maquina-cozer-portatil-v0103326-innovagoods\/","title":{"rendered":"Mini m\u00e1quina de cozer port\u00e1til v0103326 innovagoods"},"content":{"rendered":"","protected":false},"excerpt":{"rendered":"<p>Mini m\u00e1quina de costura port\u00e1til v0103326 innovagoods. dimens\u00f5es: 19,5x19x11cm. \u00e9 uma mini m\u00e1quina com led, cortador de linha e acess\u00f3rios, muito f\u00e1cil de usar e perfeita para realizar tarefas e arranjos de costura com rapidez e conforto. tem 2 velocidades, sistema de ponto duplo, corda autom\u00e1tica, cortador de linha para uso f\u00e1cil da tarefa e luz de visualiza\u00e7\u00e3o led para iluminar a \u00e1rea de costura. esta m\u00e1quina de costura original e completa \u00e9 muito vers\u00e1til e adapt\u00e1vel, pois permite duas op\u00e7\u00f5es de funcionamento, de acordo com as prefer\u00eancias e necessidades. pode funcionar com pilhas (4xaa, n\u00e3o inclu\u00eddas) ou com o adaptador de energia inclu\u00eddo (plug tipo c e cabo 140cm). devido a seu design mini compacto e seu tamanho de viagem reduzido, pode ser usado em qualquer lugar e \u00e9 muito f\u00e1<\/p>\n","protected":false},"featured_media":103707,"comment_status":"open","ping_status":"closed","template":"","meta":[],"product_brand":[],"product_cat":[18014,8800],"product_tag":[],"class_list":{"0":"post-103708","1":"product","2":"type-product","3":"status-publish","4":"has-post-thumbnail","6":"product_cat-costura","7":"product_cat-pequenos-domesticos","9":"first","10":"instock","11":"taxable","12":"shipping-taxable","13":"purchasable","14":"product-type-simple"},"_links":{"self":[{"href":"https:\/\/casafreitas.pt\/loja\/wp-json\/wp\/v2\/product\/103708","targetHints":{"allow":["GET"]}}],"collection":[{"href":"https:\/\/casafreitas.pt\/loja\/wp-json\/wp\/v2\/product"}],"about":[{"href":"https:\/\/casafreitas.pt\/loja\/wp-json\/wp\/v2\/types\/product"}],"replies":[{"embeddable":true,"href":"https:\/\/casafreitas.pt\/loja\/wp-json\/wp\/v2\/comments?post=103708"}],"version-history":[{"count":1,"href":"https:\/\/casafreitas.pt\/loja\/wp-json\/wp\/v2\/product\/103708\/revisions"}],"predecessor-version":[{"id":103709,"href":"https:\/\/casafreitas.pt\/loja\/wp-json\/wp\/v2\/product\/103708\/revisions\/103709"}],"wp:featuredmedia":[{"embeddable":true,"href":"https:\/\/casafreitas.pt\/loja\/wp-json\/wp\/v2\/media\/103707"}],"wp:attachment":[{"href":"https:\/\/casafreitas.pt\/loja\/wp-json\/wp\/v2\/media?parent=103708"}],"wp:term":[{"taxonomy":"product_brand","embeddable":true,"href":"https:\/\/casafreitas.pt\/loja\/wp-json\/wp\/v2\/product_brand?post=103708"},{"taxonomy":"product_cat","embeddable":true,"href":"https:\/\/casafreitas.pt\/loja\/wp-json\/wp\/v2\/product_cat?post=103708"},{"taxonomy":"product_tag","embeddable":true,"href":"https:\/\/casafreitas.pt\/loja\/wp-json\/wp\/v2\/product_tag?post=103708"}],"curies":[{"name":"wp","href":"https:\/\/api.w.org\/{rel}","templated":true}]}}