{"id":103687,"date":"2025-09-30T15:06:03","date_gmt":"2025-09-30T15:06:03","guid":{"rendered":"https:\/\/casafreitas.pt\/loja\/produto\/placa-inducao-lexie-2000-w\/"},"modified":"2025-10-24T02:24:55","modified_gmt":"2025-10-24T02:24:55","slug":"placa-inducao-lexie-2000-w","status":"publish","type":"product","link":"https:\/\/casafreitas.pt\/loja\/produto\/placa-inducao-lexie-2000-w\/","title":{"rendered":"Placa de indu\u00e7\u00e3o lexie 2000 w"},"content":{"rendered":"","protected":false},"excerpt":{"rendered":"<p>Placa de indu\u00e7\u00e3o port\u00e1til com design ultraslim, ideal para qualquer espa\u00e7o. compat\u00edvel com utens\u00edlios de cozinha de indu\u00e7\u00e3o at\u00e9 26 cm de di\u00e2metro. oferece 2000 w de pot\u00eancia, ecr\u00e3 touch com 6 fun\u00e7\u00f5es de cozedura e regulador de temperatura ajust\u00e1vel de 80\u00b0c a 240\u00b0c. possui 9 n\u00edveis de aquecimento, aviso sonoro, bot\u00e3o de bloqueio e temporizador. medidas 290 x 370 x 48 mm<\/p>\n","protected":false},"featured_media":103686,"comment_status":"open","ping_status":"closed","template":"","meta":[],"product_brand":[],"product_cat":[17396,8800],"product_tag":[],"class_list":{"0":"post-103687","1":"product","2":"type-product","3":"status-publish","4":"has-post-thumbnail","6":"product_cat-fogoes-electricos-a-gas-inducao-pequenos-domesticos","7":"product_cat-pequenos-domesticos","9":"first","10":"instock","11":"taxable","12":"shipping-taxable","13":"purchasable","14":"product-type-simple"},"_links":{"self":[{"href":"https:\/\/casafreitas.pt\/loja\/wp-json\/wp\/v2\/product\/103687","targetHints":{"allow":["GET"]}}],"collection":[{"href":"https:\/\/casafreitas.pt\/loja\/wp-json\/wp\/v2\/product"}],"about":[{"href":"https:\/\/casafreitas.pt\/loja\/wp-json\/wp\/v2\/types\/product"}],"replies":[{"embeddable":true,"href":"https:\/\/casafreitas.pt\/loja\/wp-json\/wp\/v2\/comments?post=103687"}],"version-history":[{"count":1,"href":"https:\/\/casafreitas.pt\/loja\/wp-json\/wp\/v2\/product\/103687\/revisions"}],"predecessor-version":[{"id":103688,"href":"https:\/\/casafreitas.pt\/loja\/wp-json\/wp\/v2\/product\/103687\/revisions\/103688"}],"wp:featuredmedia":[{"embeddable":true,"href":"https:\/\/casafreitas.pt\/loja\/wp-json\/wp\/v2\/media\/103686"}],"wp:attachment":[{"href":"https:\/\/casafreitas.pt\/loja\/wp-json\/wp\/v2\/media?parent=103687"}],"wp:term":[{"taxonomy":"product_brand","embeddable":true,"href":"https:\/\/casafreitas.pt\/loja\/wp-json\/wp\/v2\/product_brand?post=103687"},{"taxonomy":"product_cat","embeddable":true,"href":"https:\/\/casafreitas.pt\/loja\/wp-json\/wp\/v2\/product_cat?post=103687"},{"taxonomy":"product_tag","embeddable":true,"href":"https:\/\/casafreitas.pt\/loja\/wp-json\/wp\/v2\/product_tag?post=103687"}],"curies":[{"name":"wp","href":"https:\/\/api.w.org\/{rel}","templated":true}]}}