{"id":102022,"date":"2025-09-30T12:13:21","date_gmt":"2025-09-30T12:13:21","guid":{"rendered":"https:\/\/casafreitas.pt\/loja\/produto\/massa-poliester-elite-2000-15-kg\/"},"modified":"2025-10-24T02:23:04","modified_gmt":"2025-10-24T02:23:04","slug":"massa-poliester-elite-2000-15-kg","status":"publish","type":"product","link":"https:\/\/casafreitas.pt\/loja\/produto\/massa-poliester-elite-2000-15-kg\/","title":{"rendered":"Massa poli\u00e9ster elite-2000 1,5 kg"},"content":{"rendered":"","protected":false},"excerpt":{"rendered":"<p>Massa poli\u00e9ster elite-2000 1,5kg, massa multifuncional, especialmente recomendada para enchimentos m\u00e9dios e finos, que requerem um acabamento perfeito. a sua f\u00e1cil lixagem ajuda a obter um acabamento perfeito. excelente ades\u00e3o em alum\u00ednio, a\u00e7o, galvanizado, madeira, cimento, etc. massa + endurecedor<\/p>\n","protected":false},"featured_media":102021,"comment_status":"open","ping_status":"closed","template":"","meta":[],"product_brand":[],"product_cat":[17605,18004],"product_tag":[],"class_list":{"0":"post-102022","1":"product","2":"type-product","3":"status-publish","4":"has-post-thumbnail","6":"product_cat-massa-interna-para-preenchimento-reparacao-construcao","7":"product_cat-construcao","9":"first","10":"instock","11":"taxable","12":"shipping-taxable","13":"purchasable","14":"product-type-simple"},"_links":{"self":[{"href":"https:\/\/casafreitas.pt\/loja\/wp-json\/wp\/v2\/product\/102022","targetHints":{"allow":["GET"]}}],"collection":[{"href":"https:\/\/casafreitas.pt\/loja\/wp-json\/wp\/v2\/product"}],"about":[{"href":"https:\/\/casafreitas.pt\/loja\/wp-json\/wp\/v2\/types\/product"}],"replies":[{"embeddable":true,"href":"https:\/\/casafreitas.pt\/loja\/wp-json\/wp\/v2\/comments?post=102022"}],"version-history":[{"count":1,"href":"https:\/\/casafreitas.pt\/loja\/wp-json\/wp\/v2\/product\/102022\/revisions"}],"predecessor-version":[{"id":102023,"href":"https:\/\/casafreitas.pt\/loja\/wp-json\/wp\/v2\/product\/102022\/revisions\/102023"}],"wp:featuredmedia":[{"embeddable":true,"href":"https:\/\/casafreitas.pt\/loja\/wp-json\/wp\/v2\/media\/102021"}],"wp:attachment":[{"href":"https:\/\/casafreitas.pt\/loja\/wp-json\/wp\/v2\/media?parent=102022"}],"wp:term":[{"taxonomy":"product_brand","embeddable":true,"href":"https:\/\/casafreitas.pt\/loja\/wp-json\/wp\/v2\/product_brand?post=102022"},{"taxonomy":"product_cat","embeddable":true,"href":"https:\/\/casafreitas.pt\/loja\/wp-json\/wp\/v2\/product_cat?post=102022"},{"taxonomy":"product_tag","embeddable":true,"href":"https:\/\/casafreitas.pt\/loja\/wp-json\/wp\/v2\/product_tag?post=102022"}],"curies":[{"name":"wp","href":"https:\/\/api.w.org\/{rel}","templated":true}]}}