{"id":101995,"date":"2025-09-30T12:10:45","date_gmt":"2025-09-30T12:10:45","guid":{"rendered":"https:\/\/casafreitas.pt\/loja\/produto\/graxa-para-motociclos-400-ml-krafft\/"},"modified":"2025-10-24T02:23:02","modified_gmt":"2025-10-24T02:23:02","slug":"graxa-para-motociclos-400-ml-krafft","status":"publish","type":"product","link":"https:\/\/casafreitas.pt\/loja\/produto\/graxa-para-motociclos-400-ml-krafft\/","title":{"rendered":"Graxa para motociclos 400 ml. krafft"},"content":{"rendered":"","protected":false},"excerpt":{"rendered":"<p>Graxa para motocicletas 400 ml, remove rapidamente escalas de \u00f3leo e outros tipos de sujeira. graxa com excelente poder de penetra\u00e7\u00e3o. protege e lubrifica as correntes evitando a corros\u00e3o e reduzindo o coeficiente de fric\u00e7\u00e3o. sua alta ades\u00e3o significa que n\u00e3o \u00e9 expelido pela forte rota\u00e7\u00e3o da corrente, nem pela \u00e1gua. krafft<\/p>\n","protected":false},"featured_media":101994,"comment_status":"open","ping_status":"closed","template":"","meta":[],"product_brand":[],"product_cat":[17579,18004],"product_tag":[],"class_list":{"0":"post-101995","1":"product","2":"type-product","3":"status-publish","4":"has-post-thumbnail","6":"product_cat-graxas-lubrificantes-construcao","7":"product_cat-construcao","9":"first","10":"instock","11":"taxable","12":"shipping-taxable","13":"purchasable","14":"product-type-simple"},"_links":{"self":[{"href":"https:\/\/casafreitas.pt\/loja\/wp-json\/wp\/v2\/product\/101995","targetHints":{"allow":["GET"]}}],"collection":[{"href":"https:\/\/casafreitas.pt\/loja\/wp-json\/wp\/v2\/product"}],"about":[{"href":"https:\/\/casafreitas.pt\/loja\/wp-json\/wp\/v2\/types\/product"}],"replies":[{"embeddable":true,"href":"https:\/\/casafreitas.pt\/loja\/wp-json\/wp\/v2\/comments?post=101995"}],"version-history":[{"count":1,"href":"https:\/\/casafreitas.pt\/loja\/wp-json\/wp\/v2\/product\/101995\/revisions"}],"predecessor-version":[{"id":101996,"href":"https:\/\/casafreitas.pt\/loja\/wp-json\/wp\/v2\/product\/101995\/revisions\/101996"}],"wp:featuredmedia":[{"embeddable":true,"href":"https:\/\/casafreitas.pt\/loja\/wp-json\/wp\/v2\/media\/101994"}],"wp:attachment":[{"href":"https:\/\/casafreitas.pt\/loja\/wp-json\/wp\/v2\/media?parent=101995"}],"wp:term":[{"taxonomy":"product_brand","embeddable":true,"href":"https:\/\/casafreitas.pt\/loja\/wp-json\/wp\/v2\/product_brand?post=101995"},{"taxonomy":"product_cat","embeddable":true,"href":"https:\/\/casafreitas.pt\/loja\/wp-json\/wp\/v2\/product_cat?post=101995"},{"taxonomy":"product_tag","embeddable":true,"href":"https:\/\/casafreitas.pt\/loja\/wp-json\/wp\/v2\/product_tag?post=101995"}],"curies":[{"name":"wp","href":"https:\/\/api.w.org\/{rel}","templated":true}]}}