{"id":101983,"date":"2025-09-30T12:09:25","date_gmt":"2025-09-30T12:09:25","guid":{"rendered":"https:\/\/casafreitas.pt\/loja\/produto\/sabao-mecanico-lava-maos-fast-orange-440-ml\/"},"modified":"2025-10-24T02:23:02","modified_gmt":"2025-10-24T02:23:02","slug":"sabao-mecanico-lava-maos-fast-orange-440-ml","status":"publish","type":"product","link":"https:\/\/casafreitas.pt\/loja\/produto\/sabao-mecanico-lava-maos-fast-orange-440-ml\/","title":{"rendered":"Sab\u00e3o mec\u00e2nico lava-m\u00e3os fast orange 440 ml"},"content":{"rendered":"","protected":false},"excerpt":{"rendered":"<p>Pasta de sab\u00e3o mec\u00e2nico lava-m\u00e3os com f\u00f3rmula c\u00edtrica natural, com microgr\u00e2nulos naturais para uma limpeza perfeita e r\u00e1pida, sem necessidade de \u00e1gua elimina eficazmente a sujidade, gordura, resina, tinta, etc; com condicionadores de pele, incluindo p\u00f3mez gr\u00e3o fino, \u00f3leo de lanolina, aloe vera, glicerina e jojoba para suavizar as m\u00e3os mais \u00e1speras; elimina as n\u00f3doas da roupa, os odores de animais dom\u00e9sticos e outras necessidades de limpeza dom\u00e9stica; sem solventes de petr\u00f3leo, biodegrad\u00e1vel; conte\u00fado 440 ml<\/p>\n","protected":false},"featured_media":101982,"comment_status":"open","ping_status":"closed","template":"","meta":[],"product_brand":[],"product_cat":[17905,18010],"product_tag":[],"class_list":{"0":"post-101983","1":"product","2":"type-product","3":"status-publish","4":"has-post-thumbnail","6":"product_cat-lencos-sabonete-para-as-maos-industrial-limpeza-e-higiene-pessoal","7":"product_cat-limpeza-higiene-pessoal","9":"first","10":"instock","11":"taxable","12":"shipping-taxable","13":"purchasable","14":"product-type-simple"},"_links":{"self":[{"href":"https:\/\/casafreitas.pt\/loja\/wp-json\/wp\/v2\/product\/101983","targetHints":{"allow":["GET"]}}],"collection":[{"href":"https:\/\/casafreitas.pt\/loja\/wp-json\/wp\/v2\/product"}],"about":[{"href":"https:\/\/casafreitas.pt\/loja\/wp-json\/wp\/v2\/types\/product"}],"replies":[{"embeddable":true,"href":"https:\/\/casafreitas.pt\/loja\/wp-json\/wp\/v2\/comments?post=101983"}],"version-history":[{"count":1,"href":"https:\/\/casafreitas.pt\/loja\/wp-json\/wp\/v2\/product\/101983\/revisions"}],"predecessor-version":[{"id":101984,"href":"https:\/\/casafreitas.pt\/loja\/wp-json\/wp\/v2\/product\/101983\/revisions\/101984"}],"wp:featuredmedia":[{"embeddable":true,"href":"https:\/\/casafreitas.pt\/loja\/wp-json\/wp\/v2\/media\/101982"}],"wp:attachment":[{"href":"https:\/\/casafreitas.pt\/loja\/wp-json\/wp\/v2\/media?parent=101983"}],"wp:term":[{"taxonomy":"product_brand","embeddable":true,"href":"https:\/\/casafreitas.pt\/loja\/wp-json\/wp\/v2\/product_brand?post=101983"},{"taxonomy":"product_cat","embeddable":true,"href":"https:\/\/casafreitas.pt\/loja\/wp-json\/wp\/v2\/product_cat?post=101983"},{"taxonomy":"product_tag","embeddable":true,"href":"https:\/\/casafreitas.pt\/loja\/wp-json\/wp\/v2\/product_tag?post=101983"}],"curies":[{"name":"wp","href":"https:\/\/api.w.org\/{rel}","templated":true}]}}