{"id":101953,"date":"2025-09-30T12:06:34","date_gmt":"2025-09-30T12:06:34","guid":{"rendered":"https:\/\/casafreitas.pt\/loja\/produto\/lampada-esferica-led-e14-7w-600lm-6400k-luz-fria-o45x8cm-edm\/"},"modified":"2025-10-24T02:22:59","modified_gmt":"2025-10-24T02:22:59","slug":"lampada-esferica-led-e14-7w-600lm-6400k-luz-fria-o45x8cm-edm","status":"publish","type":"product","link":"https:\/\/casafreitas.pt\/loja\/produto\/lampada-esferica-led-e14-7w-600lm-6400k-luz-fria-o45x8cm-edm\/","title":{"rendered":"L\u00e2mpada esf\u00e9rica led e14 7w 600lm 6400k luz fria \u00f84,5x8cm edm"},"content":{"rendered":"","protected":false},"excerpt":{"rendered":"<p>L\u00e2mpada esf\u00e9rica led e14 7w 600lm 6400k luz fria \u00f84,5x8cm 25000h ac 220-240v classe de energia: f. \u00e2ngulo de abertura: 200\u00b0 edm<\/p>\n","protected":false},"featured_media":101952,"comment_status":"open","ping_status":"closed","template":"","meta":[],"product_brand":[],"product_cat":[17649,18004],"product_tag":[],"class_list":{"0":"post-101953","1":"product","2":"type-product","3":"status-publish","4":"has-post-thumbnail","6":"product_cat-standard-esfericas-construcao","7":"product_cat-construcao","9":"first","10":"instock","11":"taxable","12":"shipping-taxable","13":"purchasable","14":"product-type-simple"},"_links":{"self":[{"href":"https:\/\/casafreitas.pt\/loja\/wp-json\/wp\/v2\/product\/101953","targetHints":{"allow":["GET"]}}],"collection":[{"href":"https:\/\/casafreitas.pt\/loja\/wp-json\/wp\/v2\/product"}],"about":[{"href":"https:\/\/casafreitas.pt\/loja\/wp-json\/wp\/v2\/types\/product"}],"replies":[{"embeddable":true,"href":"https:\/\/casafreitas.pt\/loja\/wp-json\/wp\/v2\/comments?post=101953"}],"version-history":[{"count":1,"href":"https:\/\/casafreitas.pt\/loja\/wp-json\/wp\/v2\/product\/101953\/revisions"}],"predecessor-version":[{"id":101954,"href":"https:\/\/casafreitas.pt\/loja\/wp-json\/wp\/v2\/product\/101953\/revisions\/101954"}],"wp:featuredmedia":[{"embeddable":true,"href":"https:\/\/casafreitas.pt\/loja\/wp-json\/wp\/v2\/media\/101952"}],"wp:attachment":[{"href":"https:\/\/casafreitas.pt\/loja\/wp-json\/wp\/v2\/media?parent=101953"}],"wp:term":[{"taxonomy":"product_brand","embeddable":true,"href":"https:\/\/casafreitas.pt\/loja\/wp-json\/wp\/v2\/product_brand?post=101953"},{"taxonomy":"product_cat","embeddable":true,"href":"https:\/\/casafreitas.pt\/loja\/wp-json\/wp\/v2\/product_cat?post=101953"},{"taxonomy":"product_tag","embeddable":true,"href":"https:\/\/casafreitas.pt\/loja\/wp-json\/wp\/v2\/product_tag?post=101953"}],"curies":[{"name":"wp","href":"https:\/\/api.w.org\/{rel}","templated":true}]}}