{"id":101842,"date":"2025-09-30T11:56:03","date_gmt":"2025-09-30T11:56:03","guid":{"rendered":"https:\/\/casafreitas.pt\/loja\/produto\/lampada-led-industrial-e27-30w-3155lm-6400k-luz-fria-o10x20cm-edm\/"},"modified":"2025-10-24T02:22:47","modified_gmt":"2025-10-24T02:22:47","slug":"lampada-led-industrial-e27-30w-3155lm-6400k-luz-fria-o10x20cm-edm","status":"publish","type":"product","link":"https:\/\/casafreitas.pt\/loja\/produto\/lampada-led-industrial-e27-30w-3155lm-6400k-luz-fria-o10x20cm-edm\/","title":{"rendered":"L\u00e2mpada led industrial e27 30w 3155lm 6400k luz fria \u00f810x20cm edm"},"content":{"rendered":"","protected":false},"excerpt":{"rendered":"<p>L\u00e2mpada led industrial e27 30w 3155lm 6400k luz fria tamanhos: \u00f810x20cm (di\u00e2metro\/altura) 25000h ac 220-240v classe de energia: f. \u00e2ngulo de abertura: 200\u00b0 edm<\/p>\n","protected":false},"featured_media":101841,"comment_status":"open","ping_status":"closed","template":"","meta":[],"product_brand":[],"product_cat":[17589,18004],"product_tag":[],"class_list":{"0":"post-101842","1":"product","2":"type-product","3":"status-publish","4":"has-post-thumbnail","6":"product_cat-lampadas-especiais-led-construcao","7":"product_cat-construcao","9":"first","10":"instock","11":"taxable","12":"shipping-taxable","13":"purchasable","14":"product-type-simple"},"_links":{"self":[{"href":"https:\/\/casafreitas.pt\/loja\/wp-json\/wp\/v2\/product\/101842","targetHints":{"allow":["GET"]}}],"collection":[{"href":"https:\/\/casafreitas.pt\/loja\/wp-json\/wp\/v2\/product"}],"about":[{"href":"https:\/\/casafreitas.pt\/loja\/wp-json\/wp\/v2\/types\/product"}],"replies":[{"embeddable":true,"href":"https:\/\/casafreitas.pt\/loja\/wp-json\/wp\/v2\/comments?post=101842"}],"version-history":[{"count":1,"href":"https:\/\/casafreitas.pt\/loja\/wp-json\/wp\/v2\/product\/101842\/revisions"}],"predecessor-version":[{"id":101843,"href":"https:\/\/casafreitas.pt\/loja\/wp-json\/wp\/v2\/product\/101842\/revisions\/101843"}],"wp:featuredmedia":[{"embeddable":true,"href":"https:\/\/casafreitas.pt\/loja\/wp-json\/wp\/v2\/media\/101841"}],"wp:attachment":[{"href":"https:\/\/casafreitas.pt\/loja\/wp-json\/wp\/v2\/media?parent=101842"}],"wp:term":[{"taxonomy":"product_brand","embeddable":true,"href":"https:\/\/casafreitas.pt\/loja\/wp-json\/wp\/v2\/product_brand?post=101842"},{"taxonomy":"product_cat","embeddable":true,"href":"https:\/\/casafreitas.pt\/loja\/wp-json\/wp\/v2\/product_cat?post=101842"},{"taxonomy":"product_tag","embeddable":true,"href":"https:\/\/casafreitas.pt\/loja\/wp-json\/wp\/v2\/product_tag?post=101842"}],"curies":[{"name":"wp","href":"https:\/\/api.w.org\/{rel}","templated":true}]}}