{"id":101800,"date":"2025-09-30T11:52:14","date_gmt":"2025-09-30T11:52:14","guid":{"rendered":"https:\/\/casafreitas.pt\/loja\/produto\/lampada-led-linestra-1-casquilho-s14d-9w-810lm-2700k-luz-quente-500x30x47mm-edm\/"},"modified":"2025-10-24T02:22:42","modified_gmt":"2025-10-24T02:22:42","slug":"lampada-led-linestra-1-casquilho-s14d-9w-810lm-2700k-luz-quente-500x30x47mm-edm","status":"publish","type":"product","link":"https:\/\/casafreitas.pt\/loja\/produto\/lampada-led-linestra-1-casquilho-s14d-9w-810lm-2700k-luz-quente-500x30x47mm-edm\/","title":{"rendered":"L\u00e2mpada led linestra 1 casquilho s14d 9w 810lm 2700k luz quente 500x30x47mm edm"},"content":{"rendered":"","protected":false},"excerpt":{"rendered":"<p>L\u00e2mpada led linestra 1 casquilho s14d 9w 810lm 2700k luz quente tamanhos: 500x30x47mm 10000h ac 220-240v classe energ\u00e9tica: f \u00e2ngulo de abertura: 300\u00b0 edm<\/p>\n","protected":false},"featured_media":101799,"comment_status":"open","ping_status":"closed","template":"","meta":[],"product_brand":[],"product_cat":[17669,18004],"product_tag":[],"class_list":{"0":"post-101800","1":"product","2":"type-product","3":"status-publish","4":"has-post-thumbnail","6":"product_cat-tubos-de-led-sofitos-linestras-construcao","7":"product_cat-construcao","9":"first","10":"instock","11":"taxable","12":"shipping-taxable","13":"purchasable","14":"product-type-simple"},"_links":{"self":[{"href":"https:\/\/casafreitas.pt\/loja\/wp-json\/wp\/v2\/product\/101800","targetHints":{"allow":["GET"]}}],"collection":[{"href":"https:\/\/casafreitas.pt\/loja\/wp-json\/wp\/v2\/product"}],"about":[{"href":"https:\/\/casafreitas.pt\/loja\/wp-json\/wp\/v2\/types\/product"}],"replies":[{"embeddable":true,"href":"https:\/\/casafreitas.pt\/loja\/wp-json\/wp\/v2\/comments?post=101800"}],"version-history":[{"count":1,"href":"https:\/\/casafreitas.pt\/loja\/wp-json\/wp\/v2\/product\/101800\/revisions"}],"predecessor-version":[{"id":101801,"href":"https:\/\/casafreitas.pt\/loja\/wp-json\/wp\/v2\/product\/101800\/revisions\/101801"}],"wp:featuredmedia":[{"embeddable":true,"href":"https:\/\/casafreitas.pt\/loja\/wp-json\/wp\/v2\/media\/101799"}],"wp:attachment":[{"href":"https:\/\/casafreitas.pt\/loja\/wp-json\/wp\/v2\/media?parent=101800"}],"wp:term":[{"taxonomy":"product_brand","embeddable":true,"href":"https:\/\/casafreitas.pt\/loja\/wp-json\/wp\/v2\/product_brand?post=101800"},{"taxonomy":"product_cat","embeddable":true,"href":"https:\/\/casafreitas.pt\/loja\/wp-json\/wp\/v2\/product_cat?post=101800"},{"taxonomy":"product_tag","embeddable":true,"href":"https:\/\/casafreitas.pt\/loja\/wp-json\/wp\/v2\/product_tag?post=101800"}],"curies":[{"name":"wp","href":"https:\/\/api.w.org\/{rel}","templated":true}]}}