{"id":101791,"date":"2025-09-30T11:51:25","date_gmt":"2025-09-30T11:51:25","guid":{"rendered":"https:\/\/casafreitas.pt\/loja\/produto\/lampada-globo-led-o125x160mm-e27-15w-1521lm-6400k-luz-fria-edm\/"},"modified":"2025-10-24T02:22:41","modified_gmt":"2025-10-24T02:22:41","slug":"lampada-globo-led-o125x160mm-e27-15w-1521lm-6400k-luz-fria-edm","status":"publish","type":"product","link":"https:\/\/casafreitas.pt\/loja\/produto\/lampada-globo-led-o125x160mm-e27-15w-1521lm-6400k-luz-fria-edm\/","title":{"rendered":"L\u00e2mpada globo led \u00f8125x160mm e27 15w 1521lm 6400k luz fria edm"},"content":{"rendered":"","protected":false},"excerpt":{"rendered":"<p>L\u00e2mpada globo led \u00f8125x160mm e27 15w 1521m 6400k luz fria 25000h ac 220-240v classe de energia: f. \u00e2ngulo de abertura: 200\u00b0 edm<\/p>\n","protected":false},"featured_media":101790,"comment_status":"open","ping_status":"closed","template":"","meta":[],"product_brand":[],"product_cat":[17639,18004],"product_tag":[],"class_list":{"0":"post-101791","1":"product","2":"type-product","3":"status-publish","4":"has-post-thumbnail","6":"product_cat-refletores-baloes-construcao","7":"product_cat-construcao","9":"first","10":"instock","11":"taxable","12":"shipping-taxable","13":"purchasable","14":"product-type-simple"},"_links":{"self":[{"href":"https:\/\/casafreitas.pt\/loja\/wp-json\/wp\/v2\/product\/101791","targetHints":{"allow":["GET"]}}],"collection":[{"href":"https:\/\/casafreitas.pt\/loja\/wp-json\/wp\/v2\/product"}],"about":[{"href":"https:\/\/casafreitas.pt\/loja\/wp-json\/wp\/v2\/types\/product"}],"replies":[{"embeddable":true,"href":"https:\/\/casafreitas.pt\/loja\/wp-json\/wp\/v2\/comments?post=101791"}],"version-history":[{"count":1,"href":"https:\/\/casafreitas.pt\/loja\/wp-json\/wp\/v2\/product\/101791\/revisions"}],"predecessor-version":[{"id":101792,"href":"https:\/\/casafreitas.pt\/loja\/wp-json\/wp\/v2\/product\/101791\/revisions\/101792"}],"wp:featuredmedia":[{"embeddable":true,"href":"https:\/\/casafreitas.pt\/loja\/wp-json\/wp\/v2\/media\/101790"}],"wp:attachment":[{"href":"https:\/\/casafreitas.pt\/loja\/wp-json\/wp\/v2\/media?parent=101791"}],"wp:term":[{"taxonomy":"product_brand","embeddable":true,"href":"https:\/\/casafreitas.pt\/loja\/wp-json\/wp\/v2\/product_brand?post=101791"},{"taxonomy":"product_cat","embeddable":true,"href":"https:\/\/casafreitas.pt\/loja\/wp-json\/wp\/v2\/product_cat?post=101791"},{"taxonomy":"product_tag","embeddable":true,"href":"https:\/\/casafreitas.pt\/loja\/wp-json\/wp\/v2\/product_tag?post=101791"}],"curies":[{"name":"wp","href":"https:\/\/api.w.org\/{rel}","templated":true}]}}