{"id":101719,"date":"2025-09-30T11:44:50","date_gmt":"2025-09-30T11:44:50","guid":{"rendered":"https:\/\/casafreitas.pt\/loja\/produto\/lampada-globo-com-filamento-led-vidro-vintage-e27-8w-720lm-2000k-luz-quente-o95x14cm-edm\/"},"modified":"2025-10-24T02:22:32","modified_gmt":"2025-10-24T02:22:32","slug":"lampada-globo-com-filamento-led-vidro-vintage-e27-8w-720lm-2000k-luz-quente-o95x14cm-edm","status":"publish","type":"product","link":"https:\/\/casafreitas.pt\/loja\/produto\/lampada-globo-com-filamento-led-vidro-vintage-e27-8w-720lm-2000k-luz-quente-o95x14cm-edm\/","title":{"rendered":"L\u00e2mpada globo com filamento de led. vidro vintage e27 8w 720lm 2000k luz quente \u00f89,5x14cm edm"},"content":{"rendered":"","protected":false},"excerpt":{"rendered":"<p>L\u00e2mpada globo com filamento led vidro vintage e27 8w 720lm 2000k luz quente tamanhos: \u00f89,5x14cm (di\u00e2metro\/altura) 15000h ac 220-240v classe de energia: f \u00e2ngulo de abertura: 300\u00b0 edm<\/p>\n","protected":false},"featured_media":101718,"comment_status":"open","ping_status":"closed","template":"","meta":[],"product_brand":[],"product_cat":[17590,18004],"product_tag":[],"class_list":{"0":"post-101719","1":"product","2":"type-product","3":"status-publish","4":"has-post-thumbnail","6":"product_cat-lampadas-filamento-led-construcao","7":"product_cat-construcao","9":"first","10":"instock","11":"taxable","12":"shipping-taxable","13":"purchasable","14":"product-type-simple"},"_links":{"self":[{"href":"https:\/\/casafreitas.pt\/loja\/wp-json\/wp\/v2\/product\/101719","targetHints":{"allow":["GET"]}}],"collection":[{"href":"https:\/\/casafreitas.pt\/loja\/wp-json\/wp\/v2\/product"}],"about":[{"href":"https:\/\/casafreitas.pt\/loja\/wp-json\/wp\/v2\/types\/product"}],"replies":[{"embeddable":true,"href":"https:\/\/casafreitas.pt\/loja\/wp-json\/wp\/v2\/comments?post=101719"}],"version-history":[{"count":1,"href":"https:\/\/casafreitas.pt\/loja\/wp-json\/wp\/v2\/product\/101719\/revisions"}],"predecessor-version":[{"id":101720,"href":"https:\/\/casafreitas.pt\/loja\/wp-json\/wp\/v2\/product\/101719\/revisions\/101720"}],"wp:featuredmedia":[{"embeddable":true,"href":"https:\/\/casafreitas.pt\/loja\/wp-json\/wp\/v2\/media\/101718"}],"wp:attachment":[{"href":"https:\/\/casafreitas.pt\/loja\/wp-json\/wp\/v2\/media?parent=101719"}],"wp:term":[{"taxonomy":"product_brand","embeddable":true,"href":"https:\/\/casafreitas.pt\/loja\/wp-json\/wp\/v2\/product_brand?post=101719"},{"taxonomy":"product_cat","embeddable":true,"href":"https:\/\/casafreitas.pt\/loja\/wp-json\/wp\/v2\/product_cat?post=101719"},{"taxonomy":"product_tag","embeddable":true,"href":"https:\/\/casafreitas.pt\/loja\/wp-json\/wp\/v2\/product_tag?post=101719"}],"curies":[{"name":"wp","href":"https:\/\/api.w.org\/{rel}","templated":true}]}}