{"id":101713,"date":"2025-09-30T11:44:15","date_gmt":"2025-09-30T11:44:15","guid":{"rendered":"https:\/\/casafreitas.pt\/loja\/produto\/lampada-standard-com-filamento-led-vidro-vintage-e27-6w-560lm-2000k-luz-quente-o6x106cm-edm\/"},"modified":"2025-10-24T02:22:32","modified_gmt":"2025-10-24T02:22:32","slug":"lampada-standard-com-filamento-led-vidro-vintage-e27-6w-560lm-2000k-luz-quente-o6x106cm-edm","status":"publish","type":"product","link":"https:\/\/casafreitas.pt\/loja\/produto\/lampada-standard-com-filamento-led-vidro-vintage-e27-6w-560lm-2000k-luz-quente-o6x106cm-edm\/","title":{"rendered":"L\u00e2mpada standard com filamento led vidro vintage e27 6w 560lm 2000k luz quente \u00f86&#215;10,6cm edm"},"content":{"rendered":"","protected":false},"excerpt":{"rendered":"<p>L\u00e2mpada standard com vidro vintage led e27 6w 560lm 2000k luz quente tamanhos: \u00f86&#215;10,6cm (di\u00e2metro\/altura) 15000h ac 220-240v classe de energia: f \u00e2ngulo de abertura: 300\u00b0 edm<\/p>\n","protected":false},"featured_media":101712,"comment_status":"open","ping_status":"closed","template":"","meta":[],"product_brand":[],"product_cat":[17590,18004],"product_tag":[],"class_list":{"0":"post-101713","1":"product","2":"type-product","3":"status-publish","4":"has-post-thumbnail","6":"product_cat-lampadas-filamento-led-construcao","7":"product_cat-construcao","9":"first","10":"instock","11":"taxable","12":"shipping-taxable","13":"purchasable","14":"product-type-simple"},"_links":{"self":[{"href":"https:\/\/casafreitas.pt\/loja\/wp-json\/wp\/v2\/product\/101713","targetHints":{"allow":["GET"]}}],"collection":[{"href":"https:\/\/casafreitas.pt\/loja\/wp-json\/wp\/v2\/product"}],"about":[{"href":"https:\/\/casafreitas.pt\/loja\/wp-json\/wp\/v2\/types\/product"}],"replies":[{"embeddable":true,"href":"https:\/\/casafreitas.pt\/loja\/wp-json\/wp\/v2\/comments?post=101713"}],"version-history":[{"count":1,"href":"https:\/\/casafreitas.pt\/loja\/wp-json\/wp\/v2\/product\/101713\/revisions"}],"predecessor-version":[{"id":101714,"href":"https:\/\/casafreitas.pt\/loja\/wp-json\/wp\/v2\/product\/101713\/revisions\/101714"}],"wp:featuredmedia":[{"embeddable":true,"href":"https:\/\/casafreitas.pt\/loja\/wp-json\/wp\/v2\/media\/101712"}],"wp:attachment":[{"href":"https:\/\/casafreitas.pt\/loja\/wp-json\/wp\/v2\/media?parent=101713"}],"wp:term":[{"taxonomy":"product_brand","embeddable":true,"href":"https:\/\/casafreitas.pt\/loja\/wp-json\/wp\/v2\/product_brand?post=101713"},{"taxonomy":"product_cat","embeddable":true,"href":"https:\/\/casafreitas.pt\/loja\/wp-json\/wp\/v2\/product_cat?post=101713"},{"taxonomy":"product_tag","embeddable":true,"href":"https:\/\/casafreitas.pt\/loja\/wp-json\/wp\/v2\/product_tag?post=101713"}],"curies":[{"name":"wp","href":"https:\/\/api.w.org\/{rel}","templated":true}]}}