{"id":101686,"date":"2025-09-30T11:41:43","date_gmt":"2025-09-30T11:41:43","guid":{"rendered":"https:\/\/casafreitas.pt\/loja\/produto\/lampada-balao-com-filamento-led-e27-6w-800lm-3200k-luz-quente-o95x14cm-edm\/"},"modified":"2025-10-24T02:22:29","modified_gmt":"2025-10-24T02:22:29","slug":"lampada-balao-com-filamento-led-e27-6w-800lm-3200k-luz-quente-o95x14cm-edm","status":"publish","type":"product","link":"https:\/\/casafreitas.pt\/loja\/produto\/lampada-balao-com-filamento-led-e27-6w-800lm-3200k-luz-quente-o95x14cm-edm\/","title":{"rendered":"L\u00e2mpada de bal\u00e3o com filamento led e27 6w 800lm 3200k luz quente \u00f89,5x14cm edm"},"content":{"rendered":"","protected":false},"excerpt":{"rendered":"<p>L\u00e2mpada de bal\u00e3o com filamento led e27 6w 800lm 3200k luz quente tamanhos: \u00f89,5x14cm (diametro\/altura) 25000h ac 220-240v classe de energia: e. \u00e2ngulo de abertura: 300\u00b0 edm<\/p>\n","protected":false},"featured_media":101685,"comment_status":"open","ping_status":"closed","template":"","meta":[],"product_brand":[],"product_cat":[17590,18004],"product_tag":[],"class_list":{"0":"post-101686","1":"product","2":"type-product","3":"status-publish","4":"has-post-thumbnail","6":"product_cat-lampadas-filamento-led-construcao","7":"product_cat-construcao","9":"first","10":"instock","11":"taxable","12":"shipping-taxable","13":"purchasable","14":"product-type-simple"},"_links":{"self":[{"href":"https:\/\/casafreitas.pt\/loja\/wp-json\/wp\/v2\/product\/101686","targetHints":{"allow":["GET"]}}],"collection":[{"href":"https:\/\/casafreitas.pt\/loja\/wp-json\/wp\/v2\/product"}],"about":[{"href":"https:\/\/casafreitas.pt\/loja\/wp-json\/wp\/v2\/types\/product"}],"replies":[{"embeddable":true,"href":"https:\/\/casafreitas.pt\/loja\/wp-json\/wp\/v2\/comments?post=101686"}],"version-history":[{"count":1,"href":"https:\/\/casafreitas.pt\/loja\/wp-json\/wp\/v2\/product\/101686\/revisions"}],"predecessor-version":[{"id":101687,"href":"https:\/\/casafreitas.pt\/loja\/wp-json\/wp\/v2\/product\/101686\/revisions\/101687"}],"wp:featuredmedia":[{"embeddable":true,"href":"https:\/\/casafreitas.pt\/loja\/wp-json\/wp\/v2\/media\/101685"}],"wp:attachment":[{"href":"https:\/\/casafreitas.pt\/loja\/wp-json\/wp\/v2\/media?parent=101686"}],"wp:term":[{"taxonomy":"product_brand","embeddable":true,"href":"https:\/\/casafreitas.pt\/loja\/wp-json\/wp\/v2\/product_brand?post=101686"},{"taxonomy":"product_cat","embeddable":true,"href":"https:\/\/casafreitas.pt\/loja\/wp-json\/wp\/v2\/product_cat?post=101686"},{"taxonomy":"product_tag","embeddable":true,"href":"https:\/\/casafreitas.pt\/loja\/wp-json\/wp\/v2\/product_tag?post=101686"}],"curies":[{"name":"wp","href":"https:\/\/api.w.org\/{rel}","templated":true}]}}