{"id":101617,"date":"2025-09-30T11:34:53","date_gmt":"2025-09-30T11:34:53","guid":{"rendered":"https:\/\/casafreitas.pt\/loja\/produto\/lampada-esferica-led-e14-5w-400lm-6400k-luz-fria-o45x8cm-edm\/"},"modified":"2025-10-24T02:22:23","modified_gmt":"2025-10-24T02:22:23","slug":"lampada-esferica-led-e14-5w-400lm-6400k-luz-fria-o45x8cm-edm","status":"publish","type":"product","link":"https:\/\/casafreitas.pt\/loja\/produto\/lampada-esferica-led-e14-5w-400lm-6400k-luz-fria-o45x8cm-edm\/","title":{"rendered":"L\u00e2mpada esf\u00e9rica led e14 5w 400lm 6400k luz fria \u00f84,5x8cm edm"},"content":{"rendered":"","protected":false},"excerpt":{"rendered":"<p>L\u00e2mpada esf\u00e9rica led e14 5w 400lm 6400k luz fria \u00f84,5x8cm (di\u00e2metro\/altura) 25000h ac 220-240v classe de energia: g. \u00e2ngulo de abertura: 200\u00b0 edm<\/p>\n","protected":false},"featured_media":101616,"comment_status":"open","ping_status":"closed","template":"","meta":[],"product_brand":[],"product_cat":[17649,18004],"product_tag":[],"class_list":{"0":"post-101617","1":"product","2":"type-product","3":"status-publish","4":"has-post-thumbnail","6":"product_cat-standard-esfericas-construcao","7":"product_cat-construcao","9":"first","10":"instock","11":"taxable","12":"shipping-taxable","13":"purchasable","14":"product-type-simple"},"_links":{"self":[{"href":"https:\/\/casafreitas.pt\/loja\/wp-json\/wp\/v2\/product\/101617","targetHints":{"allow":["GET"]}}],"collection":[{"href":"https:\/\/casafreitas.pt\/loja\/wp-json\/wp\/v2\/product"}],"about":[{"href":"https:\/\/casafreitas.pt\/loja\/wp-json\/wp\/v2\/types\/product"}],"replies":[{"embeddable":true,"href":"https:\/\/casafreitas.pt\/loja\/wp-json\/wp\/v2\/comments?post=101617"}],"version-history":[{"count":1,"href":"https:\/\/casafreitas.pt\/loja\/wp-json\/wp\/v2\/product\/101617\/revisions"}],"predecessor-version":[{"id":101618,"href":"https:\/\/casafreitas.pt\/loja\/wp-json\/wp\/v2\/product\/101617\/revisions\/101618"}],"wp:featuredmedia":[{"embeddable":true,"href":"https:\/\/casafreitas.pt\/loja\/wp-json\/wp\/v2\/media\/101616"}],"wp:attachment":[{"href":"https:\/\/casafreitas.pt\/loja\/wp-json\/wp\/v2\/media?parent=101617"}],"wp:term":[{"taxonomy":"product_brand","embeddable":true,"href":"https:\/\/casafreitas.pt\/loja\/wp-json\/wp\/v2\/product_brand?post=101617"},{"taxonomy":"product_cat","embeddable":true,"href":"https:\/\/casafreitas.pt\/loja\/wp-json\/wp\/v2\/product_cat?post=101617"},{"taxonomy":"product_tag","embeddable":true,"href":"https:\/\/casafreitas.pt\/loja\/wp-json\/wp\/v2\/product_tag?post=101617"}],"curies":[{"name":"wp","href":"https:\/\/api.w.org\/{rel}","templated":true}]}}