{"id":101599,"date":"2025-09-30T11:33:08","date_gmt":"2025-09-30T11:33:08","guid":{"rendered":"https:\/\/casafreitas.pt\/loja\/produto\/lampada-dicroica-led-gu10-7w-600lm-3200k-luz-quente-120-o5x55cm-edm\/"},"modified":"2025-10-24T02:22:22","modified_gmt":"2025-10-24T02:22:22","slug":"lampada-dicroica-led-gu10-7w-600lm-3200k-luz-quente-120-o5x55cm-edm","status":"publish","type":"product","link":"https:\/\/casafreitas.pt\/loja\/produto\/lampada-dicroica-led-gu10-7w-600lm-3200k-luz-quente-120-o5x55cm-edm\/","title":{"rendered":"L\u00e2mpada dicroica led gu10 7w 600lm 3200k luz quente 120\u00b0 \u00f85&#215;5,5cm edm"},"content":{"rendered":"","protected":false},"excerpt":{"rendered":"<p>L\u00e2mpada dicroica led gu10 7w 600m 3200k luz quente \u00f85&#215;5,5cm (di\u00e2metro\/altura) 25000h ac 220-240v classe de energia: f. \u00e2ngulo de abertura: 120\u00b0 edm<\/p>\n","protected":false},"featured_media":101598,"comment_status":"open","ping_status":"closed","template":"","meta":[],"product_brand":[],"product_cat":[17595,18004],"product_tag":[],"class_list":{"0":"post-101599","1":"product","2":"type-product","3":"status-publish","4":"has-post-thumbnail","6":"product_cat-led-dicroico-construcao","7":"product_cat-construcao","9":"first","10":"instock","11":"taxable","12":"shipping-taxable","13":"purchasable","14":"product-type-simple"},"_links":{"self":[{"href":"https:\/\/casafreitas.pt\/loja\/wp-json\/wp\/v2\/product\/101599","targetHints":{"allow":["GET"]}}],"collection":[{"href":"https:\/\/casafreitas.pt\/loja\/wp-json\/wp\/v2\/product"}],"about":[{"href":"https:\/\/casafreitas.pt\/loja\/wp-json\/wp\/v2\/types\/product"}],"replies":[{"embeddable":true,"href":"https:\/\/casafreitas.pt\/loja\/wp-json\/wp\/v2\/comments?post=101599"}],"version-history":[{"count":1,"href":"https:\/\/casafreitas.pt\/loja\/wp-json\/wp\/v2\/product\/101599\/revisions"}],"predecessor-version":[{"id":101600,"href":"https:\/\/casafreitas.pt\/loja\/wp-json\/wp\/v2\/product\/101599\/revisions\/101600"}],"wp:featuredmedia":[{"embeddable":true,"href":"https:\/\/casafreitas.pt\/loja\/wp-json\/wp\/v2\/media\/101598"}],"wp:attachment":[{"href":"https:\/\/casafreitas.pt\/loja\/wp-json\/wp\/v2\/media?parent=101599"}],"wp:term":[{"taxonomy":"product_brand","embeddable":true,"href":"https:\/\/casafreitas.pt\/loja\/wp-json\/wp\/v2\/product_brand?post=101599"},{"taxonomy":"product_cat","embeddable":true,"href":"https:\/\/casafreitas.pt\/loja\/wp-json\/wp\/v2\/product_cat?post=101599"},{"taxonomy":"product_tag","embeddable":true,"href":"https:\/\/casafreitas.pt\/loja\/wp-json\/wp\/v2\/product_tag?post=101599"}],"curies":[{"name":"wp","href":"https:\/\/api.w.org\/{rel}","templated":true}]}}