{"id":101557,"date":"2025-09-30T11:26:27","date_gmt":"2025-09-30T11:26:27","guid":{"rendered":"https:\/\/casafreitas.pt\/loja\/produto\/kit-3-lampadas-esfericas-led-e27-5w-400lm-3200k-luz-quente-o45x8cm-edm\/"},"modified":"2025-10-24T02:22:14","modified_gmt":"2025-10-24T02:22:14","slug":"kit-3-lampadas-esfericas-led-e27-5w-400lm-3200k-luz-quente-o45x8cm-edm","status":"publish","type":"product","link":"https:\/\/casafreitas.pt\/loja\/produto\/kit-3-lampadas-esfericas-led-e27-5w-400lm-3200k-luz-quente-o45x8cm-edm\/","title":{"rendered":"Kit 3 l\u00e2mpadas esf\u00e9ricas led e27 5w 400lm 3200k luz quente \u00f84,5x8cm edm"},"content":{"rendered":"","protected":false},"excerpt":{"rendered":"<p>Kit 3 l\u00e2mpadas esf\u00e9ricas led e27 5w 400lm 3200k luz quente \u00f84,5x8cm (di\u00e2metro\/altura) 25000h ac 220-240v classe energ\u00e9tica: g. \u00e2ngulo de abertura: 200\u00b0 edm<\/p>\n","protected":false},"featured_media":101556,"comment_status":"open","ping_status":"closed","template":"","meta":[],"product_brand":[],"product_cat":[17587,18004],"product_tag":[],"class_list":{"0":"post-101557","1":"product","2":"type-product","3":"status-publish","4":"has-post-thumbnail","6":"product_cat-kits-lampadas-construcao","7":"product_cat-construcao","9":"first","10":"instock","11":"taxable","12":"shipping-taxable","13":"purchasable","14":"product-type-simple"},"_links":{"self":[{"href":"https:\/\/casafreitas.pt\/loja\/wp-json\/wp\/v2\/product\/101557","targetHints":{"allow":["GET"]}}],"collection":[{"href":"https:\/\/casafreitas.pt\/loja\/wp-json\/wp\/v2\/product"}],"about":[{"href":"https:\/\/casafreitas.pt\/loja\/wp-json\/wp\/v2\/types\/product"}],"replies":[{"embeddable":true,"href":"https:\/\/casafreitas.pt\/loja\/wp-json\/wp\/v2\/comments?post=101557"}],"version-history":[{"count":1,"href":"https:\/\/casafreitas.pt\/loja\/wp-json\/wp\/v2\/product\/101557\/revisions"}],"predecessor-version":[{"id":101558,"href":"https:\/\/casafreitas.pt\/loja\/wp-json\/wp\/v2\/product\/101557\/revisions\/101558"}],"wp:featuredmedia":[{"embeddable":true,"href":"https:\/\/casafreitas.pt\/loja\/wp-json\/wp\/v2\/media\/101556"}],"wp:attachment":[{"href":"https:\/\/casafreitas.pt\/loja\/wp-json\/wp\/v2\/media?parent=101557"}],"wp:term":[{"taxonomy":"product_brand","embeddable":true,"href":"https:\/\/casafreitas.pt\/loja\/wp-json\/wp\/v2\/product_brand?post=101557"},{"taxonomy":"product_cat","embeddable":true,"href":"https:\/\/casafreitas.pt\/loja\/wp-json\/wp\/v2\/product_cat?post=101557"},{"taxonomy":"product_tag","embeddable":true,"href":"https:\/\/casafreitas.pt\/loja\/wp-json\/wp\/v2\/product_tag?post=101557"}],"curies":[{"name":"wp","href":"https:\/\/api.w.org\/{rel}","templated":true}]}}