{"id":101533,"date":"2025-09-30T11:23:29","date_gmt":"2025-09-30T11:23:29","guid":{"rendered":"https:\/\/casafreitas.pt\/loja\/produto\/lampada-led-dicroica-gu10-10-w-932-lm-6400-k-luz-fria-120-o5-x-64-cm\/"},"modified":"2025-10-24T02:22:12","modified_gmt":"2025-10-24T02:22:12","slug":"lampada-led-dicroica-gu10-10-w-932-lm-6400-k-luz-fria-120-o5-x-64-cm","status":"publish","type":"product","link":"https:\/\/casafreitas.pt\/loja\/produto\/lampada-led-dicroica-gu10-10-w-932-lm-6400-k-luz-fria-120-o5-x-64-cm\/","title":{"rendered":"L\u00e2mpada led dicroica gu10 10 w 932 lm 6400 k luz fria 120\u00b0 \u00f85 x 6,4 cm"},"content":{"rendered":"","protected":false},"excerpt":{"rendered":"<p>L\u00e2mpada led dicroica gu10 10 w= 68 w 932 lm 6400 k luz fria. \u00e2ngulo de abertura: 120\u00b0. tamanho: \u00f85 x 6,4 cm. 25000 h ca 220-240 v ~50 hz. classe energ\u00e9tica: f<\/p>\n","protected":false},"featured_media":101532,"comment_status":"open","ping_status":"closed","template":"","meta":[],"product_brand":[],"product_cat":[17595,18004],"product_tag":[],"class_list":{"0":"post-101533","1":"product","2":"type-product","3":"status-publish","4":"has-post-thumbnail","6":"product_cat-led-dicroico-construcao","7":"product_cat-construcao","9":"first","10":"instock","11":"taxable","12":"shipping-taxable","13":"purchasable","14":"product-type-simple"},"_links":{"self":[{"href":"https:\/\/casafreitas.pt\/loja\/wp-json\/wp\/v2\/product\/101533","targetHints":{"allow":["GET"]}}],"collection":[{"href":"https:\/\/casafreitas.pt\/loja\/wp-json\/wp\/v2\/product"}],"about":[{"href":"https:\/\/casafreitas.pt\/loja\/wp-json\/wp\/v2\/types\/product"}],"replies":[{"embeddable":true,"href":"https:\/\/casafreitas.pt\/loja\/wp-json\/wp\/v2\/comments?post=101533"}],"version-history":[{"count":1,"href":"https:\/\/casafreitas.pt\/loja\/wp-json\/wp\/v2\/product\/101533\/revisions"}],"predecessor-version":[{"id":101534,"href":"https:\/\/casafreitas.pt\/loja\/wp-json\/wp\/v2\/product\/101533\/revisions\/101534"}],"wp:featuredmedia":[{"embeddable":true,"href":"https:\/\/casafreitas.pt\/loja\/wp-json\/wp\/v2\/media\/101532"}],"wp:attachment":[{"href":"https:\/\/casafreitas.pt\/loja\/wp-json\/wp\/v2\/media?parent=101533"}],"wp:term":[{"taxonomy":"product_brand","embeddable":true,"href":"https:\/\/casafreitas.pt\/loja\/wp-json\/wp\/v2\/product_brand?post=101533"},{"taxonomy":"product_cat","embeddable":true,"href":"https:\/\/casafreitas.pt\/loja\/wp-json\/wp\/v2\/product_cat?post=101533"},{"taxonomy":"product_tag","embeddable":true,"href":"https:\/\/casafreitas.pt\/loja\/wp-json\/wp\/v2\/product_tag?post=101533"}],"curies":[{"name":"wp","href":"https:\/\/api.w.org\/{rel}","templated":true}]}}