{"id":101485,"date":"2025-09-30T11:18:14","date_gmt":"2025-09-30T11:18:14","guid":{"rendered":"https:\/\/casafreitas.pt\/loja\/produto\/bio-melt-desentupidor-biologico\/"},"modified":"2025-10-24T02:22:04","modified_gmt":"2025-10-24T02:22:04","slug":"bio-melt-desentupidor-biologico","status":"publish","type":"product","link":"https:\/\/casafreitas.pt\/loja\/produto\/bio-melt-desentupidor-biologico\/","title":{"rendered":"Bio melt desentupidor biol\u00f3gico"},"content":{"rendered":"","protected":false},"excerpt":{"rendered":"<p>Bio melt desentupidor biol\u00f3gico. f\u00f3rmula ecol\u00f3gica e biol\u00f3gica para o tratamento, manuten\u00e7\u00e3o e elimina\u00e7\u00e3o de cheiros e obstru\u00e7\u00f5es de origem org\u00e1nico dos canos em geral. uso dom\u00e9stico 1000ml<\/p>\n","protected":false},"featured_media":101484,"comment_status":"open","ping_status":"closed","template":"","meta":[],"product_brand":[],"product_cat":[17890,18010],"product_tag":[],"class_list":{"0":"post-101485","1":"product","2":"type-product","3":"status-publish","4":"has-post-thumbnail","6":"product_cat-desentupidores-desincrustantes-industrial-limpeza-e-higiene-pessoal","7":"product_cat-limpeza-higiene-pessoal","9":"first","10":"instock","11":"taxable","12":"shipping-taxable","13":"purchasable","14":"product-type-simple"},"_links":{"self":[{"href":"https:\/\/casafreitas.pt\/loja\/wp-json\/wp\/v2\/product\/101485","targetHints":{"allow":["GET"]}}],"collection":[{"href":"https:\/\/casafreitas.pt\/loja\/wp-json\/wp\/v2\/product"}],"about":[{"href":"https:\/\/casafreitas.pt\/loja\/wp-json\/wp\/v2\/types\/product"}],"replies":[{"embeddable":true,"href":"https:\/\/casafreitas.pt\/loja\/wp-json\/wp\/v2\/comments?post=101485"}],"version-history":[{"count":1,"href":"https:\/\/casafreitas.pt\/loja\/wp-json\/wp\/v2\/product\/101485\/revisions"}],"predecessor-version":[{"id":101486,"href":"https:\/\/casafreitas.pt\/loja\/wp-json\/wp\/v2\/product\/101485\/revisions\/101486"}],"wp:featuredmedia":[{"embeddable":true,"href":"https:\/\/casafreitas.pt\/loja\/wp-json\/wp\/v2\/media\/101484"}],"wp:attachment":[{"href":"https:\/\/casafreitas.pt\/loja\/wp-json\/wp\/v2\/media?parent=101485"}],"wp:term":[{"taxonomy":"product_brand","embeddable":true,"href":"https:\/\/casafreitas.pt\/loja\/wp-json\/wp\/v2\/product_brand?post=101485"},{"taxonomy":"product_cat","embeddable":true,"href":"https:\/\/casafreitas.pt\/loja\/wp-json\/wp\/v2\/product_cat?post=101485"},{"taxonomy":"product_tag","embeddable":true,"href":"https:\/\/casafreitas.pt\/loja\/wp-json\/wp\/v2\/product_tag?post=101485"}],"curies":[{"name":"wp","href":"https:\/\/api.w.org\/{rel}","templated":true}]}}