{"id":101482,"date":"2025-09-30T11:17:58","date_gmt":"2025-09-30T11:17:58","guid":{"rendered":"https:\/\/casafreitas.pt\/loja\/produto\/desentupidor-sem-acido-sulfurico-1000ml-melt\/"},"modified":"2025-10-24T02:22:04","modified_gmt":"2025-10-24T02:22:04","slug":"desentupidor-sem-acido-sulfurico-1000ml-melt","status":"publish","type":"product","link":"https:\/\/casafreitas.pt\/loja\/produto\/desentupidor-sem-acido-sulfurico-1000ml-melt\/","title":{"rendered":"Desentupidor sem \u00e1cido sulf\u00farico 1000ml. melt"},"content":{"rendered":"","protected":false},"excerpt":{"rendered":"<p>Desentupidor sem \u00e1cido sulf\u00farico 100ml.\u00e9 uma f\u00f3rmula espec\u00edfica que elimina em pouco tempo,todo tipo de obstru\u00e7\u00f5es em tubos e canos de esgoto produzidas por restos org\u00e2nicos,tanto em casa como no meio ambiente profissionais. se apresenta n\u00e3o s\u00f3 como uma solu\u00e7\u00e3o as obstru\u00e7\u00f5es pontuais de forma r\u00e1pida e segura,mas tamb\u00e9m como um excelente produto de manuten\u00e7\u00e3o e preven\u00e7\u00e3o para evitar obstru\u00e7\u00f5es.1000ml melt<\/p>\n","protected":false},"featured_media":101481,"comment_status":"open","ping_status":"closed","template":"","meta":[],"product_brand":[],"product_cat":[17890,18010],"product_tag":[],"class_list":{"0":"post-101482","1":"product","2":"type-product","3":"status-publish","4":"has-post-thumbnail","6":"product_cat-desentupidores-desincrustantes-industrial-limpeza-e-higiene-pessoal","7":"product_cat-limpeza-higiene-pessoal","9":"first","10":"instock","11":"taxable","12":"shipping-taxable","13":"purchasable","14":"product-type-simple"},"_links":{"self":[{"href":"https:\/\/casafreitas.pt\/loja\/wp-json\/wp\/v2\/product\/101482","targetHints":{"allow":["GET"]}}],"collection":[{"href":"https:\/\/casafreitas.pt\/loja\/wp-json\/wp\/v2\/product"}],"about":[{"href":"https:\/\/casafreitas.pt\/loja\/wp-json\/wp\/v2\/types\/product"}],"replies":[{"embeddable":true,"href":"https:\/\/casafreitas.pt\/loja\/wp-json\/wp\/v2\/comments?post=101482"}],"version-history":[{"count":1,"href":"https:\/\/casafreitas.pt\/loja\/wp-json\/wp\/v2\/product\/101482\/revisions"}],"predecessor-version":[{"id":101483,"href":"https:\/\/casafreitas.pt\/loja\/wp-json\/wp\/v2\/product\/101482\/revisions\/101483"}],"wp:featuredmedia":[{"embeddable":true,"href":"https:\/\/casafreitas.pt\/loja\/wp-json\/wp\/v2\/media\/101481"}],"wp:attachment":[{"href":"https:\/\/casafreitas.pt\/loja\/wp-json\/wp\/v2\/media?parent=101482"}],"wp:term":[{"taxonomy":"product_brand","embeddable":true,"href":"https:\/\/casafreitas.pt\/loja\/wp-json\/wp\/v2\/product_brand?post=101482"},{"taxonomy":"product_cat","embeddable":true,"href":"https:\/\/casafreitas.pt\/loja\/wp-json\/wp\/v2\/product_cat?post=101482"},{"taxonomy":"product_tag","embeddable":true,"href":"https:\/\/casafreitas.pt\/loja\/wp-json\/wp\/v2\/product_tag?post=101482"}],"curies":[{"name":"wp","href":"https:\/\/api.w.org\/{rel}","templated":true}]}}