{"id":101476,"date":"2025-09-30T11:17:23","date_gmt":"2025-09-30T11:17:23","guid":{"rendered":"https:\/\/casafreitas.pt\/loja\/produto\/desentupidor-efervescente-sem-acido-melt-strong\/"},"modified":"2025-10-24T02:22:03","modified_gmt":"2025-10-24T02:22:03","slug":"desentupidor-efervescente-sem-acido-melt-strong","status":"publish","type":"product","link":"https:\/\/casafreitas.pt\/loja\/produto\/desentupidor-efervescente-sem-acido-melt-strong\/","title":{"rendered":"Desentupidor efervescente sem acido melt strong"},"content":{"rendered":"","protected":false},"excerpt":{"rendered":"<p>Desentupidor efervescente sem acido melt strong. produto com formula\u00e7\u00e3o \u00e0 base de uma mistura de agentes alcalinos e aceleradores, capazes de desentupir obstru\u00e7\u00f5es, inclusive de grandes dimens\u00f5es. seguro para usar em canos de pl\u00e1stico homologados, pvc, etc. frasco de 600g.<\/p>\n","protected":false},"featured_media":101475,"comment_status":"open","ping_status":"closed","template":"","meta":[],"product_brand":[],"product_cat":[17890,18010],"product_tag":[],"class_list":{"0":"post-101476","1":"product","2":"type-product","3":"status-publish","4":"has-post-thumbnail","6":"product_cat-desentupidores-desincrustantes-industrial-limpeza-e-higiene-pessoal","7":"product_cat-limpeza-higiene-pessoal","9":"first","10":"instock","11":"taxable","12":"shipping-taxable","13":"purchasable","14":"product-type-simple"},"_links":{"self":[{"href":"https:\/\/casafreitas.pt\/loja\/wp-json\/wp\/v2\/product\/101476","targetHints":{"allow":["GET"]}}],"collection":[{"href":"https:\/\/casafreitas.pt\/loja\/wp-json\/wp\/v2\/product"}],"about":[{"href":"https:\/\/casafreitas.pt\/loja\/wp-json\/wp\/v2\/types\/product"}],"replies":[{"embeddable":true,"href":"https:\/\/casafreitas.pt\/loja\/wp-json\/wp\/v2\/comments?post=101476"}],"version-history":[{"count":1,"href":"https:\/\/casafreitas.pt\/loja\/wp-json\/wp\/v2\/product\/101476\/revisions"}],"predecessor-version":[{"id":101477,"href":"https:\/\/casafreitas.pt\/loja\/wp-json\/wp\/v2\/product\/101476\/revisions\/101477"}],"wp:featuredmedia":[{"embeddable":true,"href":"https:\/\/casafreitas.pt\/loja\/wp-json\/wp\/v2\/media\/101475"}],"wp:attachment":[{"href":"https:\/\/casafreitas.pt\/loja\/wp-json\/wp\/v2\/media?parent=101476"}],"wp:term":[{"taxonomy":"product_brand","embeddable":true,"href":"https:\/\/casafreitas.pt\/loja\/wp-json\/wp\/v2\/product_brand?post=101476"},{"taxonomy":"product_cat","embeddable":true,"href":"https:\/\/casafreitas.pt\/loja\/wp-json\/wp\/v2\/product_cat?post=101476"},{"taxonomy":"product_tag","embeddable":true,"href":"https:\/\/casafreitas.pt\/loja\/wp-json\/wp\/v2\/product_tag?post=101476"}],"curies":[{"name":"wp","href":"https:\/\/api.w.org\/{rel}","templated":true}]}}