{"id":101368,"date":"2025-09-30T11:06:41","date_gmt":"2025-09-30T11:06:41","guid":{"rendered":"https:\/\/casafreitas.pt\/loja\/produto\/sabao-eco-liquido-olo-coco-15-l\/"},"modified":"2025-11-18T22:01:04","modified_gmt":"2025-11-18T22:01:04","slug":"sabao-eco-liquido-olo-coco-15-l","status":"publish","type":"product","link":"https:\/\/casafreitas.pt\/loja\/produto\/sabao-eco-liquido-olo-coco-15-l\/","title":{"rendered":"Sab\u00e3o eco l\u00edquido de \u00f3lo de coco 1,5 l"},"content":{"rendered":"","protected":false},"excerpt":{"rendered":"<p>Sab\u00e3o eco l\u00edquido de \u00f3lo de coco 1,5 l. especial para roupa delicada e de beb\u00e9. idela para lavar todo o tipo de roupa de pessoas com peles sens\u00edveis e at\u00f3picas. uso di\u00e1rio. apto para lavar \u00e0 m\u00e3o ou na m\u00e1quina. n\u00e3o \u00e9 necess\u00e1rio usar amaciador. f\u00f3rmula de sab\u00e3o natural. mais sustent\u00e1vel, saud\u00e1vel e econ\u00f3mica. 0% colorantes, aditivos e conservantes sint\u00e9ticos, sem amon\u00edacos, lix\u00edvias, cloros. biodegradabilidade alta e r\u00e1pida. (44 lavagens &#8211; 2,5kg roupa). embalagem recicl\u00e1vel<\/p>\n","protected":false},"featured_media":101367,"comment_status":"open","ping_status":"closed","template":"","meta":[],"product_brand":[],"product_cat":[17921,18010],"product_tag":[],"class_list":{"0":"post-101368","1":"product","2":"type-product","3":"status-publish","4":"has-post-thumbnail","6":"product_cat-produtos-para-maquinas-de-lavar-roupa-removedor-de-manchas-limpeza-e-higiene-pessoal","7":"product_cat-limpeza-higiene-pessoal","9":"first","10":"instock","11":"taxable","12":"shipping-taxable","13":"purchasable","14":"product-type-simple"},"_links":{"self":[{"href":"https:\/\/casafreitas.pt\/loja\/wp-json\/wp\/v2\/product\/101368","targetHints":{"allow":["GET"]}}],"collection":[{"href":"https:\/\/casafreitas.pt\/loja\/wp-json\/wp\/v2\/product"}],"about":[{"href":"https:\/\/casafreitas.pt\/loja\/wp-json\/wp\/v2\/types\/product"}],"replies":[{"embeddable":true,"href":"https:\/\/casafreitas.pt\/loja\/wp-json\/wp\/v2\/comments?post=101368"}],"version-history":[{"count":1,"href":"https:\/\/casafreitas.pt\/loja\/wp-json\/wp\/v2\/product\/101368\/revisions"}],"predecessor-version":[{"id":101369,"href":"https:\/\/casafreitas.pt\/loja\/wp-json\/wp\/v2\/product\/101368\/revisions\/101369"}],"wp:featuredmedia":[{"embeddable":true,"href":"https:\/\/casafreitas.pt\/loja\/wp-json\/wp\/v2\/media\/101367"}],"wp:attachment":[{"href":"https:\/\/casafreitas.pt\/loja\/wp-json\/wp\/v2\/media?parent=101368"}],"wp:term":[{"taxonomy":"product_brand","embeddable":true,"href":"https:\/\/casafreitas.pt\/loja\/wp-json\/wp\/v2\/product_brand?post=101368"},{"taxonomy":"product_cat","embeddable":true,"href":"https:\/\/casafreitas.pt\/loja\/wp-json\/wp\/v2\/product_cat?post=101368"},{"taxonomy":"product_tag","embeddable":true,"href":"https:\/\/casafreitas.pt\/loja\/wp-json\/wp\/v2\/product_tag?post=101368"}],"curies":[{"name":"wp","href":"https:\/\/api.w.org\/{rel}","templated":true}]}}