{"id":101284,"date":"2025-09-30T10:58:19","date_gmt":"2025-09-30T10:58:19","guid":{"rendered":"https:\/\/casafreitas.pt\/loja\/produto\/paso-limpeza-uso-diario-marmore-1l-700214\/"},"modified":"2025-10-24T02:21:24","modified_gmt":"2025-10-24T02:21:24","slug":"paso-limpeza-uso-diario-marmore-1l-700214","status":"publish","type":"product","link":"https:\/\/casafreitas.pt\/loja\/produto\/paso-limpeza-uso-diario-marmore-1l-700214\/","title":{"rendered":"Paso limpeza de uso di\u00e1rio m\u00e1rmore 1l 700214"},"content":{"rendered":"","protected":false},"excerpt":{"rendered":"<p>Paso limpeza de uso di\u00e1rio m\u00e1rmore 1l. tratamentos especificos para cada tipo de piso que garantem uma longa vida mantendo-os como novos, formulas inovadoras e superiores que decapam, protegem e limpam os materiais, sempre respeitando, sem danificar a superficie<\/p>\n","protected":false},"featured_media":101283,"comment_status":"open","ping_status":"closed","template":"","meta":[],"product_brand":[],"product_cat":[17909,18010],"product_tag":[],"class_list":{"0":"post-101284","1":"product","2":"type-product","3":"status-publish","4":"has-post-thumbnail","6":"product_cat-limpadores-industrial-limpeza-e-higiene-pessoal","7":"product_cat-limpeza-higiene-pessoal","9":"first","10":"instock","11":"taxable","12":"shipping-taxable","13":"purchasable","14":"product-type-simple"},"_links":{"self":[{"href":"https:\/\/casafreitas.pt\/loja\/wp-json\/wp\/v2\/product\/101284","targetHints":{"allow":["GET"]}}],"collection":[{"href":"https:\/\/casafreitas.pt\/loja\/wp-json\/wp\/v2\/product"}],"about":[{"href":"https:\/\/casafreitas.pt\/loja\/wp-json\/wp\/v2\/types\/product"}],"replies":[{"embeddable":true,"href":"https:\/\/casafreitas.pt\/loja\/wp-json\/wp\/v2\/comments?post=101284"}],"version-history":[{"count":1,"href":"https:\/\/casafreitas.pt\/loja\/wp-json\/wp\/v2\/product\/101284\/revisions"}],"predecessor-version":[{"id":101285,"href":"https:\/\/casafreitas.pt\/loja\/wp-json\/wp\/v2\/product\/101284\/revisions\/101285"}],"wp:featuredmedia":[{"embeddable":true,"href":"https:\/\/casafreitas.pt\/loja\/wp-json\/wp\/v2\/media\/101283"}],"wp:attachment":[{"href":"https:\/\/casafreitas.pt\/loja\/wp-json\/wp\/v2\/media?parent=101284"}],"wp:term":[{"taxonomy":"product_brand","embeddable":true,"href":"https:\/\/casafreitas.pt\/loja\/wp-json\/wp\/v2\/product_brand?post=101284"},{"taxonomy":"product_cat","embeddable":true,"href":"https:\/\/casafreitas.pt\/loja\/wp-json\/wp\/v2\/product_cat?post=101284"},{"taxonomy":"product_tag","embeddable":true,"href":"https:\/\/casafreitas.pt\/loja\/wp-json\/wp\/v2\/product_tag?post=101284"}],"curies":[{"name":"wp","href":"https:\/\/api.w.org\/{rel}","templated":true}]}}