{"id":101227,"date":"2025-09-30T10:52:41","date_gmt":"2025-09-30T10:52:41","guid":{"rendered":"https:\/\/casafreitas.pt\/loja\/produto\/pastilhas-para-maquina-lava-louca-tudo-em-1-90-unidades\/"},"modified":"2025-10-24T02:21:20","modified_gmt":"2025-10-24T02:21:20","slug":"pastilhas-para-maquina-lava-louca-tudo-em-1-90-unidades","status":"publish","type":"product","link":"https:\/\/casafreitas.pt\/loja\/produto\/pastilhas-para-maquina-lava-louca-tudo-em-1-90-unidades\/","title":{"rendered":"Pastilhas para m\u00e1quina lava lou\u00e7a tudo em 1, 90 unidades"},"content":{"rendered":"","protected":false},"excerpt":{"rendered":"<p>Pastilhas para m\u00e1quina lava lou\u00e7a tudo em 1, 90 unidades<\/p>\n","protected":false},"featured_media":101226,"comment_status":"open","ping_status":"closed","template":"","meta":[],"product_brand":[],"product_cat":[17904,18010],"product_tag":[13027],"class_list":{"0":"post-101227","1":"product","2":"type-product","3":"status-publish","4":"has-post-thumbnail","6":"product_cat-lavagem-de-pratos-limpeza-e-higiene-pessoal","7":"product_cat-limpeza-higiene-pessoal","8":"product_tag-at-home-clean","10":"first","11":"instock","12":"taxable","13":"shipping-taxable","14":"purchasable","15":"product-type-simple"},"_links":{"self":[{"href":"https:\/\/casafreitas.pt\/loja\/wp-json\/wp\/v2\/product\/101227","targetHints":{"allow":["GET"]}}],"collection":[{"href":"https:\/\/casafreitas.pt\/loja\/wp-json\/wp\/v2\/product"}],"about":[{"href":"https:\/\/casafreitas.pt\/loja\/wp-json\/wp\/v2\/types\/product"}],"replies":[{"embeddable":true,"href":"https:\/\/casafreitas.pt\/loja\/wp-json\/wp\/v2\/comments?post=101227"}],"version-history":[{"count":1,"href":"https:\/\/casafreitas.pt\/loja\/wp-json\/wp\/v2\/product\/101227\/revisions"}],"predecessor-version":[{"id":101228,"href":"https:\/\/casafreitas.pt\/loja\/wp-json\/wp\/v2\/product\/101227\/revisions\/101228"}],"wp:featuredmedia":[{"embeddable":true,"href":"https:\/\/casafreitas.pt\/loja\/wp-json\/wp\/v2\/media\/101226"}],"wp:attachment":[{"href":"https:\/\/casafreitas.pt\/loja\/wp-json\/wp\/v2\/media?parent=101227"}],"wp:term":[{"taxonomy":"product_brand","embeddable":true,"href":"https:\/\/casafreitas.pt\/loja\/wp-json\/wp\/v2\/product_brand?post=101227"},{"taxonomy":"product_cat","embeddable":true,"href":"https:\/\/casafreitas.pt\/loja\/wp-json\/wp\/v2\/product_cat?post=101227"},{"taxonomy":"product_tag","embeddable":true,"href":"https:\/\/casafreitas.pt\/loja\/wp-json\/wp\/v2\/product_tag?post=101227"}],"curies":[{"name":"wp","href":"https:\/\/api.w.org\/{rel}","templated":true}]}}