{"id":101221,"date":"2025-09-30T10:52:11","date_gmt":"2025-09-30T10:52:11","guid":{"rendered":"https:\/\/casafreitas.pt\/loja\/produto\/pastilhas-limpeza-para-maquinas-lavar-louca-2-x-40-g\/"},"modified":"2025-10-24T02:21:20","modified_gmt":"2025-10-24T02:21:20","slug":"pastilhas-limpeza-para-maquinas-lavar-louca-2-x-40-g","status":"publish","type":"product","link":"https:\/\/casafreitas.pt\/loja\/produto\/pastilhas-limpeza-para-maquinas-lavar-louca-2-x-40-g\/","title":{"rendered":"Pastilhas de limpeza para m\u00e1quinas de lavar lou\u00e7a, 2 x 40 g"},"content":{"rendered":"","protected":false},"excerpt":{"rendered":"<p>Pastilhas de limpeza para m\u00e1quinas de lavar lou\u00e7a, 2 x 40 g<\/p>\n","protected":false},"featured_media":101220,"comment_status":"open","ping_status":"closed","template":"","meta":[],"product_brand":[],"product_cat":[17904,18010],"product_tag":[13027],"class_list":{"0":"post-101221","1":"product","2":"type-product","3":"status-publish","4":"has-post-thumbnail","6":"product_cat-lavagem-de-pratos-limpeza-e-higiene-pessoal","7":"product_cat-limpeza-higiene-pessoal","8":"product_tag-at-home-clean","10":"first","11":"instock","12":"taxable","13":"shipping-taxable","14":"purchasable","15":"product-type-simple"},"_links":{"self":[{"href":"https:\/\/casafreitas.pt\/loja\/wp-json\/wp\/v2\/product\/101221","targetHints":{"allow":["GET"]}}],"collection":[{"href":"https:\/\/casafreitas.pt\/loja\/wp-json\/wp\/v2\/product"}],"about":[{"href":"https:\/\/casafreitas.pt\/loja\/wp-json\/wp\/v2\/types\/product"}],"replies":[{"embeddable":true,"href":"https:\/\/casafreitas.pt\/loja\/wp-json\/wp\/v2\/comments?post=101221"}],"version-history":[{"count":1,"href":"https:\/\/casafreitas.pt\/loja\/wp-json\/wp\/v2\/product\/101221\/revisions"}],"predecessor-version":[{"id":101222,"href":"https:\/\/casafreitas.pt\/loja\/wp-json\/wp\/v2\/product\/101221\/revisions\/101222"}],"wp:featuredmedia":[{"embeddable":true,"href":"https:\/\/casafreitas.pt\/loja\/wp-json\/wp\/v2\/media\/101220"}],"wp:attachment":[{"href":"https:\/\/casafreitas.pt\/loja\/wp-json\/wp\/v2\/media?parent=101221"}],"wp:term":[{"taxonomy":"product_brand","embeddable":true,"href":"https:\/\/casafreitas.pt\/loja\/wp-json\/wp\/v2\/product_brand?post=101221"},{"taxonomy":"product_cat","embeddable":true,"href":"https:\/\/casafreitas.pt\/loja\/wp-json\/wp\/v2\/product_cat?post=101221"},{"taxonomy":"product_tag","embeddable":true,"href":"https:\/\/casafreitas.pt\/loja\/wp-json\/wp\/v2\/product_tag?post=101221"}],"curies":[{"name":"wp","href":"https:\/\/api.w.org\/{rel}","templated":true}]}}